{"id":2010,"date":"2025-12-29T12:32:00","date_gmt":"2025-12-29T12:32:00","guid":{"rendered":"https:\/\/www.cpsantuarioguadalupano.com.mx\/CajaPopularAlianza\/?page_id=2010"},"modified":"2026-02-20T20:38:29","modified_gmt":"2026-02-20T20:38:29","slug":"aviso-de-privacidad","status":"publish","type":"page","link":"https:\/\/www.cpsantuarioguadalupano.com.mx\/CajaPopularAlianza\/aviso-de-privacidad\/","title":{"rendered":"Aviso de Privacidad"},"content":{"rendered":"\t\t<div data-elementor-type=\"wp-page\" data-elementor-id=\"2010\" class=\"elementor elementor-2010\">\n\t\t\t\t\t\t<section class=\"elementor-section elementor-top-section elementor-element elementor-element-023edfb elementor-section-boxed elementor-section-height-default elementor-section-height-default\" data-id=\"023edfb\" data-element_type=\"section\">\n\t\t\t\t\t\t<div class=\"elementor-container elementor-column-gap-default\">\n\t\t\t\t\t<div class=\"elementor-column elementor-col-100 elementor-top-column elementor-element elementor-element-da13fbd\" data-id=\"da13fbd\" data-element_type=\"column\">\n\t\t\t<div class=\"elementor-widget-wrap elementor-element-populated\">\n\t\t\t\t\t\t<div class=\"elementor-element elementor-element-933fb8a elementor-widget elementor-widget-spacer\" data-id=\"933fb8a\" data-element_type=\"widget\" data-widget_type=\"spacer.default\">\n\t\t\t\t<div class=\"elementor-widget-container\">\n\t\t\t\t\t\t\t<div class=\"elementor-spacer\">\n\t\t\t<div class=\"elementor-spacer-inner\"><\/div>\n\t\t<\/div>\n\t\t\t\t\t\t<\/div>\n\t\t\t\t<\/div>\n\t\t\t\t\t<\/div>\n\t\t<\/div>\n\t\t\t\t\t<\/div>\n\t\t<\/section>\n\t\t\t\t<section class=\"elementor-section elementor-top-section elementor-element elementor-element-45bd5bf9 elementor-section-boxed elementor-section-height-default elementor-section-height-default\" data-id=\"45bd5bf9\" data-element_type=\"section\">\n\t\t\t\t\t\t<div class=\"elementor-container elementor-column-gap-default\">\n\t\t\t\t\t<div class=\"elementor-column elementor-col-100 elementor-top-column elementor-element elementor-element-6057d354\" data-id=\"6057d354\" data-element_type=\"column\">\n\t\t\t<div class=\"elementor-widget-wrap elementor-element-populated\">\n\t\t\t\t\t\t<div class=\"elementor-element elementor-element-5ba7016 elementor-widget elementor-widget-heading\" data-id=\"5ba7016\" data-element_type=\"widget\" data-widget_type=\"heading.default\">\n\t\t\t\t<div class=\"elementor-widget-container\">\n\t\t\t\t\t<h2 class=\"elementor-heading-title elementor-size-default\">Aviso de privacidad<\/h2>\t\t\t\t<\/div>\n\t\t\t\t<\/div>\n\t\t\t\t<div class=\"elementor-element elementor-element-2368ad4 elementor-widget elementor-widget-text-editor\" data-id=\"2368ad4\" data-element_type=\"widget\" data-widget_type=\"text-editor.default\">\n\t\t\t\t<div class=\"elementor-widget-container\">\n\t\t\t\t\t\t\t\t\t\n<p>Caja Popular Santuario Guadalupano S.C. de A.P. de R.L. de C.V. con domicilio en calle Vasco de Quiroga, n\u00famero 65, CP. 59670, colonia Jardines de Catedral en la ciudad de Zamora, Estado de Michoac\u00e1n de Ocampo, es responsable del tratamiento de sus datos personales, y para tal efecto se designa como encargado de dicha actividad a Ana Isabel Torres Garc\u00eda, ubicada en calle Vasco de Quiroga, n\u00famero 65 colonia Jardines de Catedral.<\/p>\n\n<p>Sus datos personales ser\u00e1n utilizados para las siguientes finalidades que son necesarias para el servicio que solicita:<\/p>\n\n<p>\u00a0\u00a0 \u2022 Proveer los servicios y productos requeridos por usted;<\/p>\n\n<p>\u00a0\u00a0 \u2022 Dar cumplimiento a obligaciones contra\u00eddas con nuestros socios; De manera adicional, utilizaremos su informaci\u00f3n personal para las siguientes finalidades que no son necesarias para el servicio solicitado, pero que nos permiten y facilitan brindarle una mejor atenci\u00f3n.<\/p>\n\n<p>\u00a0\u00a0 \u2022 Evaluar la calidad del servicio, y realizar estudios internos sobre h\u00e1bitos de consumo.<\/p>\n\n<p>\u00a0\u00a0 \u2022 Mercadot\u00e9cnicos, publicitarios o de prospecci\u00f3n comercial.<\/p>\n\n<p>\u00a0 \u2022 Informar sobre cambios o nuevos productos o servicios que est\u00e9n relacionados con el contrato adquirido por el socio.<\/p>\n\n<p>En caso de que no desee que sus datos personales sean tratados para estos fines adicionales, usted puede presentar desde este momento un escrito en esta sucursal, manifestando lo anterior. (Solicite el formato correspondiente a su ejecutivo).<\/p>\n\n<p>La negativa para el uso de sus datos personales para estas finalidades no podr\u00e1 ser un motivo para que le neguemos los productos o servicios que solicite con nosotros.<\/p>\n\n<p>Para llevar a cabo las finalidades descritas en el presente aviso de privacidad, utilizaremos los siguientes datos personales:<\/p>\n\n<p>1.- GENERALES:<\/p>\n\n<p>\u00a0\u00a0 \u2022 Apellido paterno, apellido materno y nombre(s), Domicilio completo y tel\u00e9fono, Estado civil, R\u00e9gimen civil y Sexo.<\/p>\n\n<p>2.- PERSONALES:<\/p>\n\n<p>\u00a0\u00a0 \u2022 Lugar de nacimiento, fecha de nacimiento, RFC y CURP, Correo Electr\u00f3nico.<\/p>\n\n<p>3.- ECONOMICOS:<\/p>\n\n<p>\u00a0\u00a0 \u2022 Ingresos propios y de fuentes alternas en caso de que existan, egresos y adeudos, propiedades, tipo de vivienda que habita y arraigo domiciliario.<\/p>\n\n<p>4.- EMPLEO:<\/p>\n\n<p>\u00a0\u00a0 \u2022 Ocupaci\u00f3n y domicilio del lugar donde trabaja, sueldo mensual y dependientes.<\/p>\n\n<p>5.- RELACION FAMILIAR:<\/p>\n\n<p>\u00a0\u00a0 \u2022 Relaci\u00f3n de parentesco con otros socios de la cooperativa en caso de haberlos.<\/p>\n\n<p>Entre los datos arriba mencionados no se encuentran datos considerados como \u201cSENSIBLES\u201d por la Ley.<\/p>\n\n<p>Le informamos que sus datos personales son compartidos dentro y fuera del pa\u00eds con las siguientes personas, empresas, organizaciones y autoridades distintas a nosotros, para los siguientes fines:<\/p>\n\n<figure class=\"wp-block-image size-full\"><img fetchpriority=\"high\" decoding=\"async\" width=\"737\" height=\"191\" class=\"wp-image-2014\" src=\"https:\/\/www.cpsantuarioguadalupano.com.mx\/CajaPopularAlianza\/wp-content\/uploads\/2025\/12\/image.png\" alt=\"\" srcset=\"https:\/\/www.cpsantuarioguadalupano.com.mx\/CajaPopularAlianza\/wp-content\/uploads\/2025\/12\/image.png 737w, https:\/\/www.cpsantuarioguadalupano.com.mx\/CajaPopularAlianza\/wp-content\/uploads\/2025\/12\/image-300x78.png 300w\" sizes=\"(max-width: 737px) 100vw, 737px\" \/><\/figure>\n\n<p>Le informamos que para las transferencias indicadas con un asterisco (*) requerimos obtener su consentimiento. Si usted no manifiesta su negativa para dichas transferencias, entenderemos que nos lo ha otorgado<\/p>\n\n<p>USO DE COOKIES Y WEB BEACONS Y VIDEOGRABACI\u00d3N<\/p>\n\n<p>Le informamos que en nuestra p\u00e1gina de Internet utilizamos cookies, web beacons y otras tecnolog\u00edas a trav\u00e9s de las cuales es posible monitorear su comportamiento como usuario de Internet, as\u00ed como brindarle un mejor servicio y experiencia de usuario al navegar en nuestra p\u00e1gina.<\/p>\n\n<p>Estas tecnolog\u00edas podr\u00e1n deshabilitarse siguiendo los siguientes pasos:<\/p>\n\n<p>1.-Haga clic en Inicio &gt; Panel de control. (En el modo de vista cl\u00e1sica de Windows 10, haz clic en Inicio &gt; Configuraci\u00f3n &gt; Panel de control).\u00a0\u00a0\u00a0\u00a0\u00a0\u00a0\u00a0\u00a0\u00a0\u00a0\u00a0\u00a0\u00a0\u00a0\u00a0\u00a0\u00a0\u00a0\u00a0\u00a0<\/p>\n\n<p>2.- Haga doble clic en el icono Opciones de Internet.<\/p>\n\n<p>3.-Seleccione la pesta\u00f1a Privacidad.<\/p>\n\n<p>4.- Haga clic en Avanzada.<\/p>\n\n<p>5.- En la ventana \u201cConfiguraci\u00f3n avanzada de privacidad\u201d, seleccione la opci\u00f3n \u201cInvalidar la administraci\u00f3n autom\u00e1tica de cookies\u201d de la secci\u00f3n \u201cCookies\u201d.<\/p>\n\n<p>6.- En la secci\u00f3n \u201cCookies de origen\u201d, seleccione la opci\u00f3n \u201cAceptar\u201d o \u201cPreguntar\u201d.<\/p>\n\n<p>7.- En la secci\u00f3n \u201cCookies de terceros\u201d, seleccione la opci\u00f3n \u201cAceptar\u201d o \u201cPreguntar\u201d. (Si selecciona la opci\u00f3n \u201cPreguntar\u201d, se solicitar\u00e1 su autorizaci\u00f3n cada vez que un sitio web intente enviarte una cookie).<\/p>\n\n<p>8.- En la ventana de opciones de Internet, haga clic en Aceptar para salir de ese cuadro de di\u00e1logo.<\/p>\n\n<p>Le informamos que en nuestra instituci\u00f3n utilizamos c\u00e1maras de videograbaci\u00f3n utilizadas para seguridad de los socios y personas que nos visitan a trav\u00e9s de las\u00a0\u00a0 cuales es posible monitorear su comportamiento.<\/p>\n\n<p>Los datos personales que obtenemos de estas tecnolog\u00edas son los siguientes: IMAGEN DE NUESTROS VISITANTES, mismos que utilizamos para SEGURIDAD DE LOS SOCIOS Y\/O VISITANTES, PARA USO MERCADOLOGICOS, PARA REALIZACI\u00d3N DE ESTAD\u00cdSTICAS INTERNAS. Asimismo, le informamos que no compartiremos estos datos con ninguna persona f\u00edsica o moral distinta a esta:<\/p>\n\n<p>Para m\u00e1s informaci\u00f3n sobre el uso de estas tecnolog\u00edas, puede consultar el sitio de Internet:<\/p>\n\n<p>http:\/\/es.wikipedia.org\/wiki\/Cookie_(inform\u00e1tica) http:\/\/es.wikipedia.org\/wiki\/Web_bug<\/p>\n\n<p>Usted tiene derecho a conocer qu\u00e9 datos personales tenemos de usted, para qu\u00e9 los utilizamos y las condiciones del uso que les damos (Acceso). Asimismo, es su derecho solicitar la correcci\u00f3n de su informaci\u00f3n personal en caso de que est\u00e9 desactualizada, sea inexacta o incompleta (Rectificaci\u00f3n); que la eliminemos de nuestros registros o bases de datos cuando considere que la misma no est\u00e1 siendo utilizada conforme a los principios, deberes y obligaciones previstas en la normativa (Cancelaci\u00f3n); as\u00ed como oponerse al uso de sus datos personales para fines espec\u00edficos (Oposici\u00f3n). Estos derechos se conocen como derechos ARCO.<\/p>\n\n<p>Para el ejercicio de cualquiera de los derechos ARCO, usted deber\u00e1 presentar la solicitud respectiva por escrito.<\/p>\n\n<p>El procedimiento y requisitos para el ejercicio de estos derechos es el siguiente:<\/p>\n\n<p>1.- Presentar por escrito (libre o solicitar el formato en oficina) la solicitud respectiva ante el encargado del departamento de privacidad debidamente firmada, acompa\u00f1ando con copia de una identificaci\u00f3n oficial (IFE, Cartilla Militar, Licencia de Conducir).<\/p>\n\n<p>La solicitud de acceso, rectificaci\u00f3n, cancelaci\u00f3n u oposici\u00f3n deber\u00e1 contener y acompa\u00f1ar lo siguiente:<\/p>\n\n<p>I. El nombre del titular y domicilio u otro medio para comunicarle la respuesta a su solicitud;<\/p>\n\n<p>II. Los documentos que acrediten la identidad o, en su caso, la representaci\u00f3n legal del titular;<\/p>\n\n<p>III. La descripci\u00f3n clara y precisa de los datos personales respecto de los que se busca ejercer alguno de los derechos antes mencionados, y<\/p>\n\n<p>IV. Cualquier otro elemento o documento que facilite la localizaci\u00f3n de los datos personales.<\/p>\n\n<p>2.- Se notificar\u00e1 la respuesta a la solicitud respectiva por parte del departamento de privacidad, en un plazo m\u00e1ximo de 20 d\u00edas h\u00e1biles, empezando a contar dicho plazo al d\u00eda h\u00e1bil siguiente de haber recibido la solicitud respectiva.<\/p>\n\n<p>Los datos de contacto de la persona o departamento que dar\u00e1 tr\u00e1mite a las solicitudes para el ejercicio de los derechos ARCO, as\u00ed como atender cualquier duda que pudiera tener respecto al tratamiento de su informaci\u00f3n son los siguientes:<\/p>\n\n<p>Ana Isabel Torres Garc\u00eda, Caja Popular Santuario Guadalupano, con domicilio en calle Vasco de Quiroga, n\u00famero 65, CP. 59670, correo electr\u00f3nico une@cpsantuarioguadalupano.com.mx y n\u00famero telef\u00f3nico 351 512 4620 ext. 1707.<\/p>\n\n<p>Usted puede revocar el consentimiento que, en su caso, nos haya otorgado para el tratamiento de sus datos personales. Sin embargo, es importante que tenga en cuenta que no en todos los casos podremos atender su solicitud o concluir el uso de forma inmediata, ya que es posible que por alguna obligaci\u00f3n legal requiramos seguir tratando sus datos personales. Asimismo, usted deber\u00e1 considerar que, para ciertos fines, la revocaci\u00f3n de su consentimiento implicar\u00e1 que no le podamos seguir prestando el servicio que nos solicit\u00f3, o la conclusi\u00f3n de su relaci\u00f3n con nosotros.<\/p>\n\n<p>Para revocar su consentimiento deber\u00e1 presentar su solicitud por escrito (libre o solicitar el formato en oficinas).<\/p>\n\n<p>El procedimiento y requisitos para la revocaci\u00f3n del consentimiento es el siguiente:<\/p>\n\n<p>1.- Presentar por escrito (libre o solicitar el formato en oficina) la solicitud respectiva ante el encargado del departamento de privacidad debidamente firmada, acompa\u00f1ando con copia de una identificaci\u00f3n oficial (INE, Cartilla Militar, Licencia de Conducir).<\/p>\n\n<p>La solicitud de revocaci\u00f3n deber\u00e1 contener y acompa\u00f1ar lo siguiente:<\/p>\n\n<p>I. El nombre del titular y domicilio u otro medio para comunicarle la respuesta a su solicitud;<\/p>\n\n<p>II. Los documentos que acrediten la identidad o, en su caso, la representaci\u00f3n legal del titular;<\/p>\n\n<p>III. La descripci\u00f3n clara y precisa de los datos personales respecto de los que se busca ejercer alguno de los derechos antes mencionados, y<\/p>\n\n<p>IV. Cualquier otro elemento o documento que facilite la localizaci\u00f3n de los datos personales.<\/p>\n\n<p>2.- Se notificar\u00e1 la respuesta a la solicitud respectiva por parte del departamento de privacidad, en un plazo m\u00e1ximo de 20 d\u00edas h\u00e1biles, empezando a contar dicho plazo al d\u00eda h\u00e1bil siguiente de haber recibido la solicitud respectiva.<\/p>\n\n<p>Con objeto de que usted pueda limitar el uso y divulgaci\u00f3n de su informaci\u00f3n personal, le ofrecemos los siguientes medios:<\/p>\n\n<p>1.- Su inscripci\u00f3n en el Registro P\u00fablico de Usuarios que no deseen informaci\u00f3n publicitaria de productos y servicios financieros, que est\u00e1 a cargo de la Comisi\u00f3n Nacional para la Protecci\u00f3n y Defensa de los Usuarios de Servicios Financieros (CONDUSEF), con la finalidad de que sus datos personales no sean utilizados para recibir publicidad o promociones de servicios financieros. Para m\u00e1s informaci\u00f3n sobre este registro, usted puede consultar el portal de Internet de la CONDUSEF, o bien ponerse en contacto directo con \u00e9sta.<\/p>\n\n<p>2.- Su registro en el listado de exclusi\u00f3n, a fin de que sus datos personales no sean tratados para fines mercadot\u00e9cnicos, publicitarios o de prospecci\u00f3n comercial por nuestra parte. A trav\u00e9s de la solicitud mencionada en el procedimiento de los derechos arco.<\/p>\n\n<p>El presente aviso de privacidad puede sufrir modificaciones, cambios o actualizaciones derivadas de nuevos requerimientos legales; de nuestras propias necesidades por los productos o servicios que ofrecemos; de nuestras pr\u00e1cticas de privacidad; de cambios en nuestro modelo de negocio, o por otras.<\/p>\n\n<p>Nos comprometemos a mantenerlo informado sobre los cambios que pueda sufrir el presente aviso de privacidad, a trav\u00e9s de avisos fijos en cada una de nuestras sucursales, cpsantuarioguadalupano.com.mx\/CajaPopularAlianza\/ correo electr\u00f3nico que nos sea proporcionado por usted 351 512 4620 ext. 1707.<\/p>\n\n<p>El procedimiento a trav\u00e9s del cual se llevar\u00e1n a cabo las notificaciones sobre cambios o actualizaciones al presente aviso de privacidad es el siguiente:<\/p>\n\n<p>1.- Se dar\u00e1 por notificado a todo interesado atreves de aviso fijo en sucursales, en nuestra p\u00e1gina de internet, a trav\u00e9s de correo electr\u00f3nico del socio que nos lo haya proporcionado por el socio, y por l\u00ednea telef\u00f3nica de la sucursal al momento de comunicarse para cualquier tr\u00e1mite, surtiendo efecto dichos\u00a0 cambios al d\u00eda de su publicaci\u00f3n, por lo que se tendr\u00e1 por entendido que se ha dado debida notificaci\u00f3n a todo interesado, por estos medios.<\/p>\n\n<p>Le informamos que es de nuestro especial inter\u00e9s cuidar la informaci\u00f3n personal de los menores de edad en t\u00e9rminos de ley, a trav\u00e9s del establecimiento de medidas espec\u00edficas, como son:<\/p>\n\n<p>A).- La obtenci\u00f3n del consentimiento de los padres y tutores por medio de autorizaci\u00f3n por escrito, para el tratamiento de los datos personales de los menores.<\/p>\n\n<p>B).- La verificaci\u00f3n de la autenticidad del consentimiento otorgado por los padres o tutores, solicitando, acta de nacimiento del menor, identificaci\u00f3n oficial del (os) padre(s), tutor(es), en el caso de tutor, deber\u00e1 presentar adem\u00e1s la documentaci\u00f3n que lo acredite con dicho nombramiento como representante legal del menor.<\/p>\n\n<p>C).- La implementaci\u00f3n y mantenimiento de medidas de seguridad m\u00e1s estrictas a efecto de asegurar la confidencialidad de los menores contratantes.<\/p>\n\n<p>Si usted considera que su derecho a la protecci\u00f3n de sus datos personales ha sido lesionado por alguna conducta u omisi\u00f3n de nuestra parte, o presume alguna violaci\u00f3n a las disposiciones previstas en la Ley Federal de Protecci\u00f3n de Datos Personales en Posesi\u00f3n de los Particulares, su Reglamento y dem\u00e1s ordenamientos aplicables, podr\u00e1 interponer su inconformidad o denuncia ante el Instituto Federal de Acceso a la Informaci\u00f3n y Protecci\u00f3n de Datos (INAI). Para m\u00e1s informaci\u00f3n, le sugerimos visitar su p\u00e1gina oficial de Internet www.inai.org.mx<\/p>\n\n<p>Otorgo mi consentimiento para que mis datos personales sean tratados conforme a lo se\u00f1alado en el presente aviso de privacidad.<\/p>\n\n<p>\u00a0<\/p>\n\t\t\t\t\t\t\t\t<\/div>\n\t\t\t\t<\/div>\n\t\t\t\t\t<\/div>\n\t\t<\/div>\n\t\t\t\t\t<\/div>\n\t\t<\/section>\n\t\t\t\t<\/div>\n\t\t","protected":false},"excerpt":{"rendered":"<p>Aviso de privacidad Caja Popular Santuario Guadalupano S.C. de A.P. de R.L. de C.V. con domicilio en calle Vasco de Quiroga, n\u00famero 65, CP. 59670, colonia Jardines de Catedral en la ciudad de Zamora, Estado de Michoac\u00e1n de Ocampo, es responsable del tratamiento de sus datos personales, y para tal efecto se designa como encargado [&hellip;]<\/p>\n","protected":false},"author":2,"featured_media":0,"parent":0,"menu_order":0,"comment_status":"closed","ping_status":"closed","template":"","meta":{"site-sidebar-layout":"default","site-content-layout":"","ast-site-content-layout":"default","site-content-style":"default","site-sidebar-style":"default","ast-global-header-display":"","ast-banner-title-visibility":"","ast-main-header-display":"","ast-hfb-above-header-display":"","ast-hfb-below-header-display":"","ast-hfb-mobile-header-display":"","site-post-title":"disabled","ast-breadcrumbs-content":"","ast-featured-img":"","footer-sml-layout":"","ast-disable-related-posts":"","theme-transparent-header-meta":"","adv-header-id-meta":"","stick-header-meta":"","header-above-stick-meta":"","header-main-stick-meta":"","header-below-stick-meta":"","astra-migrate-meta-layouts":"set","ast-page-background-enabled":"default","ast-page-background-meta":{"desktop":{"background-color":"","background-image":"","background-repeat":"repeat","background-position":"center center","background-size":"auto","background-attachment":"scroll","background-type":"","background-media":"","overlay-type":"","overlay-color":"","overlay-opacity":"","overlay-gradient":""},"tablet":{"background-color":"","background-image":"","background-repeat":"repeat","background-position":"center center","background-size":"auto","background-attachment":"scroll","background-type":"","background-media":"","overlay-type":"","overlay-color":"","overlay-opacity":"","overlay-gradient":""},"mobile":{"background-color":"","background-image":"","background-repeat":"repeat","background-position":"center center","background-size":"auto","background-attachment":"scroll","background-type":"","background-media":"","overlay-type":"","overlay-color":"","overlay-opacity":"","overlay-gradient":""}},"ast-content-background-meta":{"desktop":{"background-color":"var(--ast-global-color-5)","background-image":"","background-repeat":"repeat","background-position":"center center","background-size":"auto","background-attachment":"scroll","background-type":"","background-media":"","overlay-type":"","overlay-color":"","overlay-opacity":"","overlay-gradient":""},"tablet":{"background-color":"var(--ast-global-color-5)","background-image":"","background-repeat":"repeat","background-position":"center center","background-size":"auto","background-attachment":"scroll","background-type":"","background-media":"","overlay-type":"","overlay-color":"","overlay-opacity":"","overlay-gradient":""},"mobile":{"background-color":"var(--ast-global-color-5)","background-image":"","background-repeat":"repeat","background-position":"center center","background-size":"auto","background-attachment":"scroll","background-type":"","background-media":"","overlay-type":"","overlay-color":"","overlay-opacity":"","overlay-gradient":""}},"footnotes":""},"class_list":["post-2010","page","type-page","status-publish","hentry"],"_links":{"self":[{"href":"https:\/\/www.cpsantuarioguadalupano.com.mx\/CajaPopularAlianza\/wp-json\/wp\/v2\/pages\/2010","targetHints":{"allow":["GET"]}}],"collection":[{"href":"https:\/\/www.cpsantuarioguadalupano.com.mx\/CajaPopularAlianza\/wp-json\/wp\/v2\/pages"}],"about":[{"href":"https:\/\/www.cpsantuarioguadalupano.com.mx\/CajaPopularAlianza\/wp-json\/wp\/v2\/types\/page"}],"author":[{"embeddable":true,"href":"https:\/\/www.cpsantuarioguadalupano.com.mx\/CajaPopularAlianza\/wp-json\/wp\/v2\/users\/2"}],"replies":[{"embeddable":true,"href":"https:\/\/www.cpsantuarioguadalupano.com.mx\/CajaPopularAlianza\/wp-json\/wp\/v2\/comments?post=2010"}],"version-history":[{"count":14,"href":"https:\/\/www.cpsantuarioguadalupano.com.mx\/CajaPopularAlianza\/wp-json\/wp\/v2\/pages\/2010\/revisions"}],"predecessor-version":[{"id":2219,"href":"https:\/\/www.cpsantuarioguadalupano.com.mx\/CajaPopularAlianza\/wp-json\/wp\/v2\/pages\/2010\/revisions\/2219"}],"wp:attachment":[{"href":"https:\/\/www.cpsantuarioguadalupano.com.mx\/CajaPopularAlianza\/wp-json\/wp\/v2\/media?parent=2010"}],"curies":[{"name":"wp","href":"https:\/\/api.w.org\/{rel}","templated":true}]}}