{"id":179,"date":"2020-10-09T07:43:59","date_gmt":"2020-10-09T07:43:59","guid":{"rendered":"https:\/\/www.cpsantuarioguadalupano.com.mx\/CajaPopularAlianza\/all-courses\/"},"modified":"2026-02-20T19:04:14","modified_gmt":"2026-02-20T19:04:14","slug":"socios","status":"publish","type":"page","link":"https:\/\/www.cpsantuarioguadalupano.com.mx\/CajaPopularAlianza\/socios\/","title":{"rendered":"Socios"},"content":{"rendered":"\t\t<div data-elementor-type=\"wp-page\" data-elementor-id=\"179\" class=\"elementor elementor-179\">\n\t\t\t\t\t\t<section class=\"elementor-section elementor-top-section elementor-element elementor-element-fd5e0c7 elementor-section-boxed elementor-section-height-default elementor-section-height-default\" data-id=\"fd5e0c7\" data-element_type=\"section\" data-settings=\"{&quot;background_background&quot;:&quot;gradient&quot;}\">\n\t\t\t\t\t\t\t<div class=\"elementor-background-overlay\"><\/div>\n\t\t\t\t\t\t\t<div class=\"elementor-container elementor-column-gap-no\">\n\t\t\t\t\t<div class=\"elementor-column elementor-col-100 elementor-top-column elementor-element elementor-element-1ea8ce0\" data-id=\"1ea8ce0\" data-element_type=\"column\">\n\t\t\t<div class=\"elementor-widget-wrap elementor-element-populated\">\n\t\t\t\t\t\t<div class=\"elementor-element elementor-element-04341a0 elementor-widget elementor-widget-heading\" data-id=\"04341a0\" data-element_type=\"widget\" data-widget_type=\"heading.default\">\n\t\t\t\t<div class=\"elementor-widget-container\">\n\t\t\t\t\t<h1 class=\"elementor-heading-title elementor-size-default\">\u00bfTe gustar\u00eda ser socio?<\/h1>\t\t\t\t<\/div>\n\t\t\t\t<\/div>\n\t\t\t\t\t<\/div>\n\t\t<\/div>\n\t\t\t\t\t<\/div>\n\t\t<\/section>\n\t\t\t\t<section class=\"elementor-section elementor-top-section elementor-element elementor-element-e808c15 elementor-section-boxed elementor-section-height-default elementor-section-height-default\" data-id=\"e808c15\" data-element_type=\"section\">\n\t\t\t\t\t\t<div class=\"elementor-container elementor-column-gap-no\">\n\t\t\t\t\t<div class=\"elementor-column elementor-col-100 elementor-top-column elementor-element elementor-element-dc4ca18\" data-id=\"dc4ca18\" data-element_type=\"column\">\n\t\t\t<div class=\"elementor-widget-wrap elementor-element-populated\">\n\t\t\t\t\t\t<div class=\"elementor-element elementor-element-17aa19a elementor-widget elementor-widget-heading\" data-id=\"17aa19a\" data-element_type=\"widget\" data-widget_type=\"heading.default\">\n\t\t\t\t<div class=\"elementor-widget-container\">\n\t\t\t\t\t<h2 class=\"elementor-heading-title elementor-size-default\">Da el primer paso hacia tus metas financieras con el respaldo de una cooperativa regulada. Tus mejores oportunidades comienzan aqu\u00ed.<\/h2>\t\t\t\t<\/div>\n\t\t\t\t<\/div>\n\t\t\t\t<div class=\"elementor-element elementor-element-206323f elementor-widget elementor-widget-image\" data-id=\"206323f\" data-element_type=\"widget\" data-widget_type=\"image.default\">\n\t\t\t\t<div class=\"elementor-widget-container\">\n\t\t\t\t\t\t\t\t\t\t\t\t\t\t\t<img fetchpriority=\"high\" decoding=\"async\" width=\"768\" height=\"978\" src=\"https:\/\/www.cpsantuarioguadalupano.com.mx\/CajaPopularAlianza\/wp-content\/uploads\/2026\/01\/FOLLETO-INGRESO-ADULTO--768x978.jpg\" class=\"attachment-medium_large size-medium_large wp-image-2101\" alt=\"\" srcset=\"https:\/\/www.cpsantuarioguadalupano.com.mx\/CajaPopularAlianza\/wp-content\/uploads\/2026\/01\/FOLLETO-INGRESO-ADULTO--768x978.jpg 768w, https:\/\/www.cpsantuarioguadalupano.com.mx\/CajaPopularAlianza\/wp-content\/uploads\/2026\/01\/FOLLETO-INGRESO-ADULTO--236x300.jpg 236w, https:\/\/www.cpsantuarioguadalupano.com.mx\/CajaPopularAlianza\/wp-content\/uploads\/2026\/01\/FOLLETO-INGRESO-ADULTO--804x1024.jpg 804w, https:\/\/www.cpsantuarioguadalupano.com.mx\/CajaPopularAlianza\/wp-content\/uploads\/2026\/01\/FOLLETO-INGRESO-ADULTO--1206x1536.jpg 1206w, https:\/\/www.cpsantuarioguadalupano.com.mx\/CajaPopularAlianza\/wp-content\/uploads\/2026\/01\/FOLLETO-INGRESO-ADULTO-.jpg 1299w\" sizes=\"(max-width: 768px) 100vw, 768px\" \/>\t\t\t\t\t\t\t\t\t\t\t\t\t\t\t<\/div>\n\t\t\t\t<\/div>\n\t\t\t\t\t<\/div>\n\t\t<\/div>\n\t\t\t\t\t<\/div>\n\t\t<\/section>\n\t\t\t\t<section class=\"elementor-section elementor-top-section elementor-element elementor-element-dcbcc7f elementor-section-boxed elementor-section-height-default elementor-section-height-default\" data-id=\"dcbcc7f\" data-element_type=\"section\" data-settings=\"{&quot;background_background&quot;:&quot;classic&quot;}\">\n\t\t\t\t\t\t<div class=\"elementor-container elementor-column-gap-narrow\">\n\t\t\t\t\t<div class=\"elementor-column elementor-col-100 elementor-top-column elementor-element elementor-element-cb81d18\" data-id=\"cb81d18\" data-element_type=\"column\">\n\t\t\t<div class=\"elementor-widget-wrap elementor-element-populated\">\n\t\t\t\t\t\t<section class=\"elementor-section elementor-inner-section elementor-element elementor-element-a0d3f56 elementor-section-boxed elementor-section-height-default elementor-section-height-default\" data-id=\"a0d3f56\" data-element_type=\"section\">\n\t\t\t\t\t\t<div class=\"elementor-container elementor-column-gap-no\">\n\t\t\t\t\t<div class=\"elementor-column elementor-col-50 elementor-inner-column elementor-element elementor-element-4c992c4\" data-id=\"4c992c4\" data-element_type=\"column\">\n\t\t\t<div class=\"elementor-widget-wrap elementor-element-populated\">\n\t\t\t\t\t\t<div class=\"elementor-element elementor-element-add1da8 elementor-widget elementor-widget-image\" data-id=\"add1da8\" data-element_type=\"widget\" data-widget_type=\"image.default\">\n\t\t\t\t<div class=\"elementor-widget-container\">\n\t\t\t\t\t\t\t\t\t\t\t\t\t\t\t<img decoding=\"async\" width=\"1256\" height=\"1600\" src=\"https:\/\/www.cpsantuarioguadalupano.com.mx\/CajaPopularAlianza\/wp-content\/uploads\/2026\/02\/WhatsApp-Image-2025-03-06-at-4.35.50-PM.jpeg\" class=\"attachment-full size-full wp-image-2124\" alt=\"\" srcset=\"https:\/\/www.cpsantuarioguadalupano.com.mx\/CajaPopularAlianza\/wp-content\/uploads\/2026\/02\/WhatsApp-Image-2025-03-06-at-4.35.50-PM.jpeg 1256w, https:\/\/www.cpsantuarioguadalupano.com.mx\/CajaPopularAlianza\/wp-content\/uploads\/2026\/02\/WhatsApp-Image-2025-03-06-at-4.35.50-PM-236x300.jpeg 236w, https:\/\/www.cpsantuarioguadalupano.com.mx\/CajaPopularAlianza\/wp-content\/uploads\/2026\/02\/WhatsApp-Image-2025-03-06-at-4.35.50-PM-804x1024.jpeg 804w, https:\/\/www.cpsantuarioguadalupano.com.mx\/CajaPopularAlianza\/wp-content\/uploads\/2026\/02\/WhatsApp-Image-2025-03-06-at-4.35.50-PM-768x978.jpeg 768w, https:\/\/www.cpsantuarioguadalupano.com.mx\/CajaPopularAlianza\/wp-content\/uploads\/2026\/02\/WhatsApp-Image-2025-03-06-at-4.35.50-PM-1206x1536.jpeg 1206w\" sizes=\"(max-width: 1256px) 100vw, 1256px\" \/>\t\t\t\t\t\t\t\t\t\t\t\t\t\t\t<\/div>\n\t\t\t\t<\/div>\n\t\t\t\t\t<\/div>\n\t\t<\/div>\n\t\t\t\t<div class=\"elementor-column elementor-col-50 elementor-inner-column elementor-element elementor-element-400b254\" data-id=\"400b254\" data-element_type=\"column\">\n\t\t\t<div class=\"elementor-widget-wrap elementor-element-populated\">\n\t\t\t\t\t\t<div class=\"elementor-element elementor-element-7fa964a elementor-widget elementor-widget-heading\" data-id=\"7fa964a\" data-element_type=\"widget\" data-widget_type=\"heading.default\">\n\t\t\t\t<div class=\"elementor-widget-container\">\n\t\t\t\t\t<div class=\"elementor-heading-title elementor-size-large\">\u00danete al club Alianzito y obt\u00e9n grandes beneficios<\/div>\t\t\t\t<\/div>\n\t\t\t\t<\/div>\n\t\t\t\t<div class=\"elementor-element elementor-element-5de8c9f elementor-widget elementor-widget-image\" data-id=\"5de8c9f\" data-element_type=\"widget\" data-widget_type=\"image.default\">\n\t\t\t\t<div class=\"elementor-widget-container\">\n\t\t\t\t\t\t\t\t\t\t\t\t\t\t\t<img decoding=\"async\" width=\"300\" height=\"189\" src=\"https:\/\/www.cpsantuarioguadalupano.com.mx\/CajaPopularAlianza\/wp-content\/uploads\/2026\/02\/Club-de-Amig@s-de-Alianzito-7-300x189.png\" class=\"attachment-medium size-medium wp-image-2126\" alt=\"\" srcset=\"https:\/\/www.cpsantuarioguadalupano.com.mx\/CajaPopularAlianza\/wp-content\/uploads\/2026\/02\/Club-de-Amig@s-de-Alianzito-7-300x189.png 300w, https:\/\/www.cpsantuarioguadalupano.com.mx\/CajaPopularAlianza\/wp-content\/uploads\/2026\/02\/Club-de-Amig@s-de-Alianzito-7-1024x645.png 1024w, https:\/\/www.cpsantuarioguadalupano.com.mx\/CajaPopularAlianza\/wp-content\/uploads\/2026\/02\/Club-de-Amig@s-de-Alianzito-7-768x484.png 768w, https:\/\/www.cpsantuarioguadalupano.com.mx\/CajaPopularAlianza\/wp-content\/uploads\/2026\/02\/Club-de-Amig@s-de-Alianzito-7-1536x967.png 1536w, https:\/\/www.cpsantuarioguadalupano.com.mx\/CajaPopularAlianza\/wp-content\/uploads\/2026\/02\/Club-de-Amig@s-de-Alianzito-7-2048x1290.png 2048w\" sizes=\"(max-width: 300px) 100vw, 300px\" \/>\t\t\t\t\t\t\t\t\t\t\t\t\t\t\t<\/div>\n\t\t\t\t<\/div>\n\t\t\t\t<div class=\"elementor-element elementor-element-1d6e2fd elementor-widget elementor-widget-image\" data-id=\"1d6e2fd\" data-element_type=\"widget\" data-widget_type=\"image.default\">\n\t\t\t\t<div class=\"elementor-widget-container\">\n\t\t\t\t\t\t\t\t\t\t\t\t\t\t\t<img loading=\"lazy\" decoding=\"async\" width=\"1024\" height=\"768\" src=\"https:\/\/www.cpsantuarioguadalupano.com.mx\/CajaPopularAlianza\/wp-content\/uploads\/2026\/02\/voly-1024x768.jpg\" class=\"attachment-large size-large wp-image-2129\" alt=\"\" srcset=\"https:\/\/www.cpsantuarioguadalupano.com.mx\/CajaPopularAlianza\/wp-content\/uploads\/2026\/02\/voly-1024x768.jpg 1024w, https:\/\/www.cpsantuarioguadalupano.com.mx\/CajaPopularAlianza\/wp-content\/uploads\/2026\/02\/voly-300x225.jpg 300w, https:\/\/www.cpsantuarioguadalupano.com.mx\/CajaPopularAlianza\/wp-content\/uploads\/2026\/02\/voly-768x576.jpg 768w, https:\/\/www.cpsantuarioguadalupano.com.mx\/CajaPopularAlianza\/wp-content\/uploads\/2026\/02\/voly-1536x1152.jpg 1536w, https:\/\/www.cpsantuarioguadalupano.com.mx\/CajaPopularAlianza\/wp-content\/uploads\/2026\/02\/voly.jpg 1600w\" sizes=\"(max-width: 1024px) 100vw, 1024px\" \/>\t\t\t\t\t\t\t\t\t\t\t\t\t\t\t<\/div>\n\t\t\t\t<\/div>\n\t\t\t\t\t<\/div>\n\t\t<\/div>\n\t\t\t\t\t<\/div>\n\t\t<\/section>\n\t\t\t\t\t<\/div>\n\t\t<\/div>\n\t\t\t\t\t<\/div>\n\t\t<\/section>\n\t\t\t\t<section class=\"elementor-section elementor-top-section elementor-element elementor-element-7e7fb30 elementor-section-boxed elementor-section-height-default elementor-section-height-default\" data-id=\"7e7fb30\" data-element_type=\"section\">\n\t\t\t\t\t\t<div class=\"elementor-container elementor-column-gap-default\">\n\t\t\t\t\t<div class=\"elementor-column elementor-col-50 elementor-top-column elementor-element elementor-element-50a3e5a\" data-id=\"50a3e5a\" data-element_type=\"column\" data-settings=\"{&quot;background_background&quot;:&quot;classic&quot;}\">\n\t\t\t<div class=\"elementor-widget-wrap elementor-element-populated\">\n\t\t\t\t\t\t<div class=\"elementor-element elementor-element-5f8b358 elementor-widget elementor-widget-image\" data-id=\"5f8b358\" data-element_type=\"widget\" data-widget_type=\"image.default\">\n\t\t\t\t<div class=\"elementor-widget-container\">\n\t\t\t\t\t\t\t\t\t\t\t\t\t\t\t<img loading=\"lazy\" decoding=\"async\" width=\"829\" height=\"839\" src=\"https:\/\/www.cpsantuarioguadalupano.com.mx\/CajaPopularAlianza\/wp-content\/uploads\/2026\/02\/lo-logre.jpg\" class=\"attachment-full size-full wp-image-2128\" alt=\"\" srcset=\"https:\/\/www.cpsantuarioguadalupano.com.mx\/CajaPopularAlianza\/wp-content\/uploads\/2026\/02\/lo-logre.jpg 829w, https:\/\/www.cpsantuarioguadalupano.com.mx\/CajaPopularAlianza\/wp-content\/uploads\/2026\/02\/lo-logre-296x300.jpg 296w, https:\/\/www.cpsantuarioguadalupano.com.mx\/CajaPopularAlianza\/wp-content\/uploads\/2026\/02\/lo-logre-768x777.jpg 768w\" sizes=\"(max-width: 829px) 100vw, 829px\" \/>\t\t\t\t\t\t\t\t\t\t\t\t\t\t\t<\/div>\n\t\t\t\t<\/div>\n\t\t\t\t<div class=\"elementor-element elementor-element-d3a4e26 elementor-widget elementor-widget-text-editor\" data-id=\"d3a4e26\" data-element_type=\"widget\" data-widget_type=\"text-editor.default\">\n\t\t\t\t<div class=\"elementor-widget-container\">\n\t\t\t\t\t\t\t\t\t<p>T\u00fa tambi\u00e9n forma parte de nuestra cooperativa y comienza a cumplir tus metas.<\/p>\t\t\t\t\t\t\t\t<\/div>\n\t\t\t\t<\/div>\n\t\t\t\t\t<\/div>\n\t\t<\/div>\n\t\t\t\t<div class=\"elementor-column elementor-col-50 elementor-top-column elementor-element elementor-element-7940f68\" data-id=\"7940f68\" data-element_type=\"column\" data-settings=\"{&quot;background_background&quot;:&quot;classic&quot;}\">\n\t\t\t<div class=\"elementor-widget-wrap elementor-element-populated\">\n\t\t\t\t\t\t<div class=\"elementor-element elementor-element-eb8b40d elementor-widget elementor-widget-image\" data-id=\"eb8b40d\" data-element_type=\"widget\" data-widget_type=\"image.default\">\n\t\t\t\t<div class=\"elementor-widget-container\">\n\t\t\t\t\t\t\t\t\t\t\t\t\t\t\t<img loading=\"lazy\" decoding=\"async\" width=\"2048\" height=\"1536\" src=\"https:\/\/www.cpsantuarioguadalupano.com.mx\/CajaPopularAlianza\/wp-content\/uploads\/2026\/02\/ninos.jpg\" class=\"attachment-full size-full wp-image-2127\" alt=\"\" srcset=\"https:\/\/www.cpsantuarioguadalupano.com.mx\/CajaPopularAlianza\/wp-content\/uploads\/2026\/02\/ninos.jpg 2048w, https:\/\/www.cpsantuarioguadalupano.com.mx\/CajaPopularAlianza\/wp-content\/uploads\/2026\/02\/ninos-300x225.jpg 300w, https:\/\/www.cpsantuarioguadalupano.com.mx\/CajaPopularAlianza\/wp-content\/uploads\/2026\/02\/ninos-1024x768.jpg 1024w, https:\/\/www.cpsantuarioguadalupano.com.mx\/CajaPopularAlianza\/wp-content\/uploads\/2026\/02\/ninos-768x576.jpg 768w, https:\/\/www.cpsantuarioguadalupano.com.mx\/CajaPopularAlianza\/wp-content\/uploads\/2026\/02\/ninos-1536x1152.jpg 1536w\" sizes=\"(max-width: 2048px) 100vw, 2048px\" \/>\t\t\t\t\t\t\t\t\t\t\t\t\t\t\t<\/div>\n\t\t\t\t<\/div>\n\t\t\t\t<div class=\"elementor-element elementor-element-2f8e410 elementor-widget elementor-widget-text-editor\" data-id=\"2f8e410\" data-element_type=\"widget\" data-widget_type=\"text-editor.default\">\n\t\t\t\t<div class=\"elementor-widget-container\">\n\t\t\t\t\t\t\t\t\t<p>Si eres miembro del Club Amigos de Alianzito, disfruta de Eventos, Din\u00e1micas y concursos que tenemos para ti.<\/p>\t\t\t\t\t\t\t\t<\/div>\n\t\t\t\t<\/div>\n\t\t\t\t\t<\/div>\n\t\t<\/div>\n\t\t\t\t\t<\/div>\n\t\t<\/section>\n\t\t\t\t<section class=\"elementor-section elementor-top-section elementor-element elementor-element-d1f282f elementor-section-boxed elementor-section-height-default elementor-section-height-default\" data-id=\"d1f282f\" data-element_type=\"section\">\n\t\t\t\t\t\t<div class=\"elementor-container elementor-column-gap-default\">\n\t\t\t\t\t<div class=\"elementor-column elementor-col-100 elementor-top-column elementor-element elementor-element-d7e8523\" data-id=\"d7e8523\" data-element_type=\"column\">\n\t\t\t<div class=\"elementor-widget-wrap elementor-element-populated\">\n\t\t\t\t\t\t<div class=\"elementor-element elementor-element-e14abfb elementor-widget elementor-widget-spacer\" data-id=\"e14abfb\" data-element_type=\"widget\" data-widget_type=\"spacer.default\">\n\t\t\t\t<div class=\"elementor-widget-container\">\n\t\t\t\t\t\t\t<div class=\"elementor-spacer\">\n\t\t\t<div class=\"elementor-spacer-inner\"><\/div>\n\t\t<\/div>\n\t\t\t\t\t\t<\/div>\n\t\t\t\t<\/div>\n\t\t\t\t\t<\/div>\n\t\t<\/div>\n\t\t\t\t\t<\/div>\n\t\t<\/section>\n\t\t\t\t<\/div>\n\t\t","protected":false},"excerpt":{"rendered":"<p>\u00bfTe gustar\u00eda ser socio? Da el primer paso hacia tus metas financieras con el respaldo de una cooperativa regulada. Tus mejores oportunidades comienzan aqu\u00ed. \u00danete al club Alianzito y obt\u00e9n grandes beneficios T\u00fa tambi\u00e9n forma parte de nuestra cooperativa y comienza a cumplir tus metas. Si eres miembro del Club Amigos de Alianzito, disfruta de [&hellip;]<\/p>\n","protected":false},"author":1,"featured_media":0,"parent":0,"menu_order":0,"comment_status":"closed","ping_status":"closed","template":"","meta":{"site-sidebar-layout":"no-sidebar","site-content-layout":"page-builder","ast-site-content-layout":"default","site-content-style":"default","site-sidebar-style":"default","ast-global-header-display":"","ast-banner-title-visibility":"","ast-main-header-display":"","ast-hfb-above-header-display":"","ast-hfb-below-header-display":"","ast-hfb-mobile-header-display":"","site-post-title":"disabled","ast-breadcrumbs-content":"","ast-featured-img":"disabled","footer-sml-layout":"","ast-disable-related-posts":"","theme-transparent-header-meta":"enabled","adv-header-id-meta":"","stick-header-meta":"","header-above-stick-meta":"","header-main-stick-meta":"","header-below-stick-meta":"","astra-migrate-meta-layouts":"default","ast-page-background-enabled":"default","ast-page-background-meta":{"desktop":{"background-color":"","background-image":"","background-repeat":"repeat","background-position":"center center","background-size":"auto","background-attachment":"scroll","background-type":"","background-media":"","overlay-type":"","overlay-color":"","overlay-opacity":"","overlay-gradient":""},"tablet":{"background-color":"","background-image":"","background-repeat":"repeat","background-position":"center center","background-size":"auto","background-attachment":"scroll","background-type":"","background-media":"","overlay-type":"","overlay-color":"","overlay-opacity":"","overlay-gradient":""},"mobile":{"background-color":"","background-image":"","background-repeat":"repeat","background-position":"center center","background-size":"auto","background-attachment":"scroll","background-type":"","background-media":"","overlay-type":"","overlay-color":"","overlay-opacity":"","overlay-gradient":""}},"ast-content-background-meta":{"desktop":{"background-color":"var(--ast-global-color-5)","background-image":"","background-repeat":"repeat","background-position":"center center","background-size":"auto","background-attachment":"scroll","background-type":"","background-media":"","overlay-type":"","overlay-color":"","overlay-opacity":"","overlay-gradient":""},"tablet":{"background-color":"var(--ast-global-color-5)","background-image":"","background-repeat":"repeat","background-position":"center center","background-size":"auto","background-attachment":"scroll","background-type":"","background-media":"","overlay-type":"","overlay-color":"","overlay-opacity":"","overlay-gradient":""},"mobile":{"background-color":"var(--ast-global-color-5)","background-image":"","background-repeat":"repeat","background-position":"center center","background-size":"auto","background-attachment":"scroll","background-type":"","background-media":"","overlay-type":"","overlay-color":"","overlay-opacity":"","overlay-gradient":""}},"footnotes":""},"class_list":["post-179","page","type-page","status-publish","hentry"],"_links":{"self":[{"href":"https:\/\/www.cpsantuarioguadalupano.com.mx\/CajaPopularAlianza\/wp-json\/wp\/v2\/pages\/179","targetHints":{"allow":["GET"]}}],"collection":[{"href":"https:\/\/www.cpsantuarioguadalupano.com.mx\/CajaPopularAlianza\/wp-json\/wp\/v2\/pages"}],"about":[{"href":"https:\/\/www.cpsantuarioguadalupano.com.mx\/CajaPopularAlianza\/wp-json\/wp\/v2\/types\/page"}],"author":[{"embeddable":true,"href":"https:\/\/www.cpsantuarioguadalupano.com.mx\/CajaPopularAlianza\/wp-json\/wp\/v2\/users\/1"}],"replies":[{"embeddable":true,"href":"https:\/\/www.cpsantuarioguadalupano.com.mx\/CajaPopularAlianza\/wp-json\/wp\/v2\/comments?post=179"}],"version-history":[{"count":66,"href":"https:\/\/www.cpsantuarioguadalupano.com.mx\/CajaPopularAlianza\/wp-json\/wp\/v2\/pages\/179\/revisions"}],"predecessor-version":[{"id":2168,"href":"https:\/\/www.cpsantuarioguadalupano.com.mx\/CajaPopularAlianza\/wp-json\/wp\/v2\/pages\/179\/revisions\/2168"}],"wp:attachment":[{"href":"https:\/\/www.cpsantuarioguadalupano.com.mx\/CajaPopularAlianza\/wp-json\/wp\/v2\/media?parent=179"}],"curies":[{"name":"wp","href":"https:\/\/api.w.org\/{rel}","templated":true}]}}