{"id":1529,"date":"2022-04-23T16:32:50","date_gmt":"2022-04-23T16:32:50","guid":{"rendered":"https:\/\/www.cpsantuarioguadalupano.com.mx\/CajaPopularAlianza\/?page_id=1529"},"modified":"2022-04-23T17:18:56","modified_gmt":"2022-04-23T17:18:56","slug":"renovado-vivienda","status":"publish","type":"page","link":"https:\/\/www.cpsantuarioguadalupano.com.mx\/CajaPopularAlianza\/renovado-vivienda\/","title":{"rendered":"Renovado vivienda"},"content":{"rendered":"\t\t<div data-elementor-type=\"wp-page\" data-elementor-id=\"1529\" class=\"elementor elementor-1529\">\n\t\t\t\t\t\t<section class=\"elementor-section elementor-top-section elementor-element elementor-element-38c1ae8b elementor-section-boxed elementor-section-height-default elementor-section-height-default\" data-id=\"38c1ae8b\" data-element_type=\"section\">\n\t\t\t\t\t\t<div class=\"elementor-container elementor-column-gap-default\">\n\t\t\t\t\t<div class=\"elementor-column elementor-col-100 elementor-top-column elementor-element elementor-element-6ad2b616\" data-id=\"6ad2b616\" data-element_type=\"column\">\n\t\t\t<div class=\"elementor-widget-wrap elementor-element-populated\">\n\t\t\t\t\t\t<div class=\"elementor-element elementor-element-384da82a elementor-widget elementor-widget-text-editor\" data-id=\"384da82a\" data-element_type=\"widget\" data-widget_type=\"text-editor.default\">\n\t\t\t\t<div class=\"elementor-widget-container\">\n\t\t\t\t\t\t\t\t\t<p><\/p>\n<p><\/p>\n<p><\/p>\t\t\t\t\t\t\t\t<\/div>\n\t\t\t\t<\/div>\n\t\t\t\t<div class=\"elementor-element elementor-element-718015b elementor-widget elementor-widget-image\" data-id=\"718015b\" data-element_type=\"widget\" data-widget_type=\"image.default\">\n\t\t\t\t<div class=\"elementor-widget-container\">\n\t\t\t\t\t\t\t\t\t\t\t\t\t\t\t<img fetchpriority=\"high\" decoding=\"async\" width=\"768\" height=\"423\" src=\"https:\/\/www.cpsantuarioguadalupano.com.mx\/CajaPopularAlianza\/wp-content\/uploads\/2022\/04\/011-768x423.png\" class=\"attachment-medium_large size-medium_large wp-image-1537\" alt=\"\" srcset=\"https:\/\/www.cpsantuarioguadalupano.com.mx\/CajaPopularAlianza\/wp-content\/uploads\/2022\/04\/011-768x423.png 768w, https:\/\/www.cpsantuarioguadalupano.com.mx\/CajaPopularAlianza\/wp-content\/uploads\/2022\/04\/011-300x165.png 300w, https:\/\/www.cpsantuarioguadalupano.com.mx\/CajaPopularAlianza\/wp-content\/uploads\/2022\/04\/011-1024x564.png 1024w, https:\/\/www.cpsantuarioguadalupano.com.mx\/CajaPopularAlianza\/wp-content\/uploads\/2022\/04\/011.png 1280w\" sizes=\"(max-width: 768px) 100vw, 768px\" \/>\t\t\t\t\t\t\t\t\t\t\t\t\t\t\t<\/div>\n\t\t\t\t<\/div>\n\t\t\t\t<div class=\"elementor-element elementor-element-92c649e elementor-widget elementor-widget-toggle\" data-id=\"92c649e\" data-element_type=\"widget\" data-widget_type=\"toggle.default\">\n\t\t\t\t<div class=\"elementor-widget-container\">\n\t\t\t\t\t\t\t<div class=\"elementor-toggle\">\n\t\t\t\t\t\t\t<div class=\"elementor-toggle-item\">\n\t\t\t\t\t<div id=\"elementor-tab-title-1531\" class=\"elementor-tab-title\" data-tab=\"1\" role=\"button\" aria-controls=\"elementor-tab-content-1531\" aria-expanded=\"false\">\n\t\t\t\t\t\t\t\t\t\t\t\t<span class=\"elementor-toggle-icon elementor-toggle-icon-left\" aria-hidden=\"true\">\n\t\t\t\t\t\t\t\t\t\t\t\t\t\t\t<span class=\"elementor-toggle-icon-closed\"><i class=\"fas fa-caret-right\"><\/i><\/span>\n\t\t\t\t\t\t\t\t<span class=\"elementor-toggle-icon-opened\"><i class=\"elementor-toggle-icon-opened fas fa-caret-up\"><\/i><\/span>\n\t\t\t\t\t\t\t\t\t\t\t\t\t<\/span>\n\t\t\t\t\t\t\t\t\t\t\t\t<a class=\"elementor-toggle-title\" tabindex=\"0\">Montos y Plazos<\/a>\n\t\t\t\t\t<\/div>\n\n\t\t\t\t\t<div id=\"elementor-tab-content-1531\" class=\"elementor-tab-content elementor-clearfix\" data-tab=\"1\" role=\"region\" aria-labelledby=\"elementor-tab-title-1531\"><p><strong>Montos<\/strong><\/p>\n<p><b>Monto M\u00ednimo:<\/b>&nbsp;$500<span style=\"font-style: inherit; font-weight: inherit; color: var(--ast-global-color-3);\">.00<\/span><\/p>\n<p><strong>Monto M\u00e1ximo:&nbsp;<\/strong>3% del capital neto de la Instituci\u00f3n para renovaciones y para restructuras hasta el saldo insoluto del cr\u00e9dito actual a reestructurar, sin exceder el l\u00edmite de diversificaci\u00f3n de operaciones activas.<\/p>\n<p><strong>Plazos<\/strong><\/p>\n<p>&nbsp;De un mes, hasta 96 meses.<\/p><\/div>\n\t\t\t\t<\/div>\n\t\t\t\t\t\t\t<div class=\"elementor-toggle-item\">\n\t\t\t\t\t<div id=\"elementor-tab-title-1532\" class=\"elementor-tab-title\" data-tab=\"2\" role=\"button\" aria-controls=\"elementor-tab-content-1532\" aria-expanded=\"false\">\n\t\t\t\t\t\t\t\t\t\t\t\t<span class=\"elementor-toggle-icon elementor-toggle-icon-left\" aria-hidden=\"true\">\n\t\t\t\t\t\t\t\t\t\t\t\t\t\t\t<span class=\"elementor-toggle-icon-closed\"><i class=\"fas fa-caret-right\"><\/i><\/span>\n\t\t\t\t\t\t\t\t<span class=\"elementor-toggle-icon-opened\"><i class=\"elementor-toggle-icon-opened fas fa-caret-up\"><\/i><\/span>\n\t\t\t\t\t\t\t\t\t\t\t\t\t<\/span>\n\t\t\t\t\t\t\t\t\t\t\t\t<a class=\"elementor-toggle-title\" tabindex=\"0\">Tasa de Inter\u00e9s<\/a>\n\t\t\t\t\t<\/div>\n\n\t\t\t\t\t<div id=\"elementor-tab-content-1532\" class=\"elementor-tab-content elementor-clearfix\" data-tab=\"2\" role=\"region\" aria-labelledby=\"elementor-tab-title-1532\"><p><img decoding=\"async\" class=\"alignnone size-medium wp-image-1513\" src=\"https:\/\/www.cpsantuarioguadalupano.com.mx\/CajaPopularAlianza\/wp-content\/uploads\/2022\/04\/renovado-300x57.jpg\" alt=\"\" width=\"300\" height=\"57\" srcset=\"https:\/\/www.cpsantuarioguadalupano.com.mx\/CajaPopularAlianza\/wp-content\/uploads\/2022\/04\/renovado-300x57.jpg 300w, https:\/\/www.cpsantuarioguadalupano.com.mx\/CajaPopularAlianza\/wp-content\/uploads\/2022\/04\/renovado-768x145.jpg 768w, https:\/\/www.cpsantuarioguadalupano.com.mx\/CajaPopularAlianza\/wp-content\/uploads\/2022\/04\/renovado.jpg 815w\" sizes=\"(max-width: 300px) 100vw, 300px\" \/><\/p><\/div>\n\t\t\t\t<\/div>\n\t\t\t\t\t\t\t<div class=\"elementor-toggle-item\">\n\t\t\t\t\t<div id=\"elementor-tab-title-1533\" class=\"elementor-tab-title\" data-tab=\"3\" role=\"button\" aria-controls=\"elementor-tab-content-1533\" aria-expanded=\"false\">\n\t\t\t\t\t\t\t\t\t\t\t\t<span class=\"elementor-toggle-icon elementor-toggle-icon-left\" aria-hidden=\"true\">\n\t\t\t\t\t\t\t\t\t\t\t\t\t\t\t<span class=\"elementor-toggle-icon-closed\"><i class=\"fas fa-caret-right\"><\/i><\/span>\n\t\t\t\t\t\t\t\t<span class=\"elementor-toggle-icon-opened\"><i class=\"elementor-toggle-icon-opened fas fa-caret-up\"><\/i><\/span>\n\t\t\t\t\t\t\t\t\t\t\t\t\t<\/span>\n\t\t\t\t\t\t\t\t\t\t\t\t<a class=\"elementor-toggle-title\" tabindex=\"0\">Protecci\u00f3n y Restricciones<\/a>\n\t\t\t\t\t<\/div>\n\n\t\t\t\t\t<div id=\"elementor-tab-content-1533\" class=\"elementor-tab-content elementor-clearfix\" data-tab=\"3\" role=\"region\" aria-labelledby=\"elementor-tab-title-1533\"><p><b>PROTECCI\u00d3N<\/b><\/p>\n<p>La Cooperativa ofrece un servicio de protecci\u00f3n, para en caso de fallecimiento del acreditado, de acuerdo con la p\u00f3liza de seguro vigente contratada.<\/p>\n<p><b>RESTRICCI\u00d3N<\/b><\/p>\n<p>El mismo cr\u00e9dito podr\u00e1 ser sujeto de reestructuraci\u00f3n hasta en dos ocasiones.<\/p>\n<p>El servicio de protecci\u00f3n aplicar\u00e1 siempre y cuando se encuentre al corriente el cr\u00e9dito<\/p><\/div>\n\t\t\t\t<\/div>\n\t\t\t\t\t\t\t\t<\/div>\n\t\t\t\t\t\t<\/div>\n\t\t\t\t<\/div>\n\t\t\t\t\t<\/div>\n\t\t<\/div>\n\t\t\t\t\t<\/div>\n\t\t<\/section>\n\t\t\t\t<\/div>\n\t\t","protected":false},"excerpt":{"rendered":"<p>Montos y Plazos Montos Monto M\u00ednimo:&nbsp;$500.00 Monto M\u00e1ximo:&nbsp;3% del capital neto de la Instituci\u00f3n para renovaciones y para restructuras hasta el saldo insoluto del cr\u00e9dito actual a reestructurar, sin exceder el l\u00edmite de diversificaci\u00f3n de operaciones activas. Plazos &nbsp;De un mes, hasta 96 meses. Tasa de Inter\u00e9s Protecci\u00f3n y Restricciones PROTECCI\u00d3N La Cooperativa ofrece un [&hellip;]<\/p>\n","protected":false},"author":1,"featured_media":0,"parent":0,"menu_order":0,"comment_status":"closed","ping_status":"closed","template":"elementor_header_footer","meta":{"site-sidebar-layout":"default","site-content-layout":"","ast-site-content-layout":"default","site-content-style":"default","site-sidebar-style":"default","ast-global-header-display":"","ast-banner-title-visibility":"","ast-main-header-display":"","ast-hfb-above-header-display":"","ast-hfb-below-header-display":"","ast-hfb-mobile-header-display":"","site-post-title":"","ast-breadcrumbs-content":"","ast-featured-img":"","footer-sml-layout":"","ast-disable-related-posts":"","theme-transparent-header-meta":"","adv-header-id-meta":"","stick-header-meta":"","header-above-stick-meta":"","header-main-stick-meta":"","header-below-stick-meta":"","astra-migrate-meta-layouts":"default","ast-page-background-enabled":"default","ast-page-background-meta":{"desktop":{"background-color":"","background-image":"","background-repeat":"repeat","background-position":"center center","background-size":"auto","background-attachment":"scroll","background-type":"","background-media":"","overlay-type":"","overlay-color":"","overlay-opacity":"","overlay-gradient":""},"tablet":{"background-color":"","background-image":"","background-repeat":"repeat","background-position":"center center","background-size":"auto","background-attachment":"scroll","background-type":"","background-media":"","overlay-type":"","overlay-color":"","overlay-opacity":"","overlay-gradient":""},"mobile":{"background-color":"","background-image":"","background-repeat":"repeat","background-position":"center center","background-size":"auto","background-attachment":"scroll","background-type":"","background-media":"","overlay-type":"","overlay-color":"","overlay-opacity":"","overlay-gradient":""}},"ast-content-background-meta":{"desktop":{"background-color":"var(--ast-global-color-5)","background-image":"","background-repeat":"repeat","background-position":"center center","background-size":"auto","background-attachment":"scroll","background-type":"","background-media":"","overlay-type":"","overlay-color":"","overlay-opacity":"","overlay-gradient":""},"tablet":{"background-color":"var(--ast-global-color-5)","background-image":"","background-repeat":"repeat","background-position":"center center","background-size":"auto","background-attachment":"scroll","background-type":"","background-media":"","overlay-type":"","overlay-color":"","overlay-opacity":"","overlay-gradient":""},"mobile":{"background-color":"var(--ast-global-color-5)","background-image":"","background-repeat":"repeat","background-position":"center center","background-size":"auto","background-attachment":"scroll","background-type":"","background-media":"","overlay-type":"","overlay-color":"","overlay-opacity":"","overlay-gradient":""}},"footnotes":""},"class_list":["post-1529","page","type-page","status-publish","hentry"],"_links":{"self":[{"href":"https:\/\/www.cpsantuarioguadalupano.com.mx\/CajaPopularAlianza\/wp-json\/wp\/v2\/pages\/1529","targetHints":{"allow":["GET"]}}],"collection":[{"href":"https:\/\/www.cpsantuarioguadalupano.com.mx\/CajaPopularAlianza\/wp-json\/wp\/v2\/pages"}],"about":[{"href":"https:\/\/www.cpsantuarioguadalupano.com.mx\/CajaPopularAlianza\/wp-json\/wp\/v2\/types\/page"}],"author":[{"embeddable":true,"href":"https:\/\/www.cpsantuarioguadalupano.com.mx\/CajaPopularAlianza\/wp-json\/wp\/v2\/users\/1"}],"replies":[{"embeddable":true,"href":"https:\/\/www.cpsantuarioguadalupano.com.mx\/CajaPopularAlianza\/wp-json\/wp\/v2\/comments?post=1529"}],"version-history":[{"count":11,"href":"https:\/\/www.cpsantuarioguadalupano.com.mx\/CajaPopularAlianza\/wp-json\/wp\/v2\/pages\/1529\/revisions"}],"predecessor-version":[{"id":1543,"href":"https:\/\/www.cpsantuarioguadalupano.com.mx\/CajaPopularAlianza\/wp-json\/wp\/v2\/pages\/1529\/revisions\/1543"}],"wp:attachment":[{"href":"https:\/\/www.cpsantuarioguadalupano.com.mx\/CajaPopularAlianza\/wp-json\/wp\/v2\/media?parent=1529"}],"curies":[{"name":"wp","href":"https:\/\/api.w.org\/{rel}","templated":true}]}}