{"id":1429,"date":"2022-04-21T18:21:14","date_gmt":"2022-04-21T18:21:14","guid":{"rendered":"https:\/\/www.cpsantuarioguadalupano.com.mx\/CajaPopularAlianza\/?page_id=1429"},"modified":"2022-04-25T18:03:02","modified_gmt":"2022-04-25T18:03:02","slug":"credito-automatico","status":"publish","type":"page","link":"https:\/\/www.cpsantuarioguadalupano.com.mx\/CajaPopularAlianza\/credito-automatico\/","title":{"rendered":"Cr\u00e9dito Autom\u00e1tico"},"content":{"rendered":"\t\t<div data-elementor-type=\"wp-page\" data-elementor-id=\"1429\" class=\"elementor elementor-1429\">\n\t\t\t\t\t\t<section class=\"elementor-section elementor-top-section elementor-element elementor-element-1175453 elementor-section-boxed elementor-section-height-default elementor-section-height-default\" data-id=\"1175453\" data-element_type=\"section\">\n\t\t\t\t\t\t<div class=\"elementor-container elementor-column-gap-default\">\n\t\t\t\t\t<div class=\"elementor-column elementor-col-100 elementor-top-column elementor-element elementor-element-2fb1f213\" data-id=\"2fb1f213\" data-element_type=\"column\">\n\t\t\t<div class=\"elementor-widget-wrap elementor-element-populated\">\n\t\t\t\t\t\t<div class=\"elementor-element elementor-element-30cc15a4 elementor-widget elementor-widget-text-editor\" data-id=\"30cc15a4\" data-element_type=\"widget\" data-widget_type=\"text-editor.default\">\n\t\t\t\t<div class=\"elementor-widget-container\">\n\t\t\t\t\t\t\t\t\t<p><\/p>\n<p><\/p>\n<p><\/p>\t\t\t\t\t\t\t\t<\/div>\n\t\t\t\t<\/div>\n\t\t\t\t<div class=\"elementor-element elementor-element-6f85189 elementor-widget elementor-widget-image\" data-id=\"6f85189\" data-element_type=\"widget\" data-widget_type=\"image.default\">\n\t\t\t\t<div class=\"elementor-widget-container\">\n\t\t\t\t\t\t\t\t\t\t\t\t\t\t\t<img fetchpriority=\"high\" decoding=\"async\" width=\"768\" height=\"783\" src=\"https:\/\/www.cpsantuarioguadalupano.com.mx\/CajaPopularAlianza\/wp-content\/uploads\/2022\/04\/automatico-768x783.jpg\" class=\"attachment-medium_large size-medium_large wp-image-1432\" alt=\"\" srcset=\"https:\/\/www.cpsantuarioguadalupano.com.mx\/CajaPopularAlianza\/wp-content\/uploads\/2022\/04\/automatico-768x783.jpg 768w, https:\/\/www.cpsantuarioguadalupano.com.mx\/CajaPopularAlianza\/wp-content\/uploads\/2022\/04\/automatico-294x300.jpg 294w, https:\/\/www.cpsantuarioguadalupano.com.mx\/CajaPopularAlianza\/wp-content\/uploads\/2022\/04\/automatico-1004x1024.jpg 1004w, https:\/\/www.cpsantuarioguadalupano.com.mx\/CajaPopularAlianza\/wp-content\/uploads\/2022\/04\/automatico-1506x1536.jpg 1506w, https:\/\/www.cpsantuarioguadalupano.com.mx\/CajaPopularAlianza\/wp-content\/uploads\/2022\/04\/automatico.jpg 1796w\" sizes=\"(max-width: 768px) 100vw, 768px\" \/>\t\t\t\t\t\t\t\t\t\t\t\t\t\t\t<\/div>\n\t\t\t\t<\/div>\n\t\t\t\t<div class=\"elementor-element elementor-element-b4fe573 elementor-widget elementor-widget-toggle\" data-id=\"b4fe573\" data-element_type=\"widget\" data-widget_type=\"toggle.default\">\n\t\t\t\t<div class=\"elementor-widget-container\">\n\t\t\t\t\t\t\t<div class=\"elementor-toggle\">\n\t\t\t\t\t\t\t<div class=\"elementor-toggle-item\">\n\t\t\t\t\t<div id=\"elementor-tab-title-1891\" class=\"elementor-tab-title\" data-tab=\"1\" role=\"button\" aria-controls=\"elementor-tab-content-1891\" aria-expanded=\"false\">\n\t\t\t\t\t\t\t\t\t\t\t\t<span class=\"elementor-toggle-icon elementor-toggle-icon-left\" aria-hidden=\"true\">\n\t\t\t\t\t\t\t\t\t\t\t\t\t\t\t<span class=\"elementor-toggle-icon-closed\"><i class=\"fas fa-caret-right\"><\/i><\/span>\n\t\t\t\t\t\t\t\t<span class=\"elementor-toggle-icon-opened\"><i class=\"elementor-toggle-icon-opened fas fa-caret-up\"><\/i><\/span>\n\t\t\t\t\t\t\t\t\t\t\t\t\t<\/span>\n\t\t\t\t\t\t\t\t\t\t\t\t<a class=\"elementor-toggle-title\" tabindex=\"0\">Montos y Plazos<\/a>\n\t\t\t\t\t<\/div>\n\n\t\t\t\t\t<div id=\"elementor-tab-content-1891\" class=\"elementor-tab-content elementor-clearfix\" data-tab=\"1\" role=\"region\" aria-labelledby=\"elementor-tab-title-1891\"><p><b>MONTOS<\/b><\/p>\n<p>Hasta 10,000 UDIS (en base al valor emitido por el Banco de M\u00e9xico al momento de levantar la solicitud).<\/p>\n<p><b>PLAZOS<\/b><\/p>\n<p>En base la capacidad del socio de acuerdo a la siguiente tabla:<\/p>\n<p><b><img decoding=\"async\" class=\"alignnone size-medium wp-image-1438\" src=\"https:\/\/www.cpsantuarioguadalupano.com.mx\/CajaPopularAlianza\/wp-content\/uploads\/2022\/04\/credito-300x39.jpg\" alt=\"\" width=\"300\" height=\"39\" srcset=\"https:\/\/www.cpsantuarioguadalupano.com.mx\/CajaPopularAlianza\/wp-content\/uploads\/2022\/04\/credito-300x39.jpg 300w, https:\/\/www.cpsantuarioguadalupano.com.mx\/CajaPopularAlianza\/wp-content\/uploads\/2022\/04\/credito.jpg 616w\" sizes=\"(max-width: 300px) 100vw, 300px\" \/><\/b><\/p><\/div>\n\t\t\t\t<\/div>\n\t\t\t\t\t\t\t<div class=\"elementor-toggle-item\">\n\t\t\t\t\t<div id=\"elementor-tab-title-1892\" class=\"elementor-tab-title\" data-tab=\"2\" role=\"button\" aria-controls=\"elementor-tab-content-1892\" aria-expanded=\"false\">\n\t\t\t\t\t\t\t\t\t\t\t\t<span class=\"elementor-toggle-icon elementor-toggle-icon-left\" aria-hidden=\"true\">\n\t\t\t\t\t\t\t\t\t\t\t\t\t\t\t<span class=\"elementor-toggle-icon-closed\"><i class=\"fas fa-caret-right\"><\/i><\/span>\n\t\t\t\t\t\t\t\t<span class=\"elementor-toggle-icon-opened\"><i class=\"elementor-toggle-icon-opened fas fa-caret-up\"><\/i><\/span>\n\t\t\t\t\t\t\t\t\t\t\t\t\t<\/span>\n\t\t\t\t\t\t\t\t\t\t\t\t<a class=\"elementor-toggle-title\" tabindex=\"0\">Tasa de Inter\u00e9s<\/a>\n\t\t\t\t\t<\/div>\n\n\t\t\t\t\t<div id=\"elementor-tab-content-1892\" class=\"elementor-tab-content elementor-clearfix\" data-tab=\"2\" role=\"region\" aria-labelledby=\"elementor-tab-title-1892\"><p>Tasa del inter\u00e9s ordinaria de 10.85% anual.<\/p><p>Tasa del inter\u00e9s moratoria de 36.00% anual.<\/p><\/div>\n\t\t\t\t<\/div>\n\t\t\t\t\t\t\t<div class=\"elementor-toggle-item\">\n\t\t\t\t\t<div id=\"elementor-tab-title-1893\" class=\"elementor-tab-title\" data-tab=\"3\" role=\"button\" aria-controls=\"elementor-tab-content-1893\" aria-expanded=\"false\">\n\t\t\t\t\t\t\t\t\t\t\t\t<span class=\"elementor-toggle-icon elementor-toggle-icon-left\" aria-hidden=\"true\">\n\t\t\t\t\t\t\t\t\t\t\t\t\t\t\t<span class=\"elementor-toggle-icon-closed\"><i class=\"fas fa-caret-right\"><\/i><\/span>\n\t\t\t\t\t\t\t\t<span class=\"elementor-toggle-icon-opened\"><i class=\"elementor-toggle-icon-opened fas fa-caret-up\"><\/i><\/span>\n\t\t\t\t\t\t\t\t\t\t\t\t\t<\/span>\n\t\t\t\t\t\t\t\t\t\t\t\t<a class=\"elementor-toggle-title\" tabindex=\"0\">Requisitos Documentales<\/a>\n\t\t\t\t\t<\/div>\n\n\t\t\t\t\t<div id=\"elementor-tab-content-1893\" class=\"elementor-tab-content elementor-clearfix\" data-tab=\"3\" role=\"region\" aria-labelledby=\"elementor-tab-title-1893\"><ul>\n<li>Solicitud elaborada y debidamente firmada.<\/li>\n<li>Identificaci\u00f3n oficial vigente.<\/li>\n<li>Constancia de CURP y RFC.<\/li>\n<li><span style=\"font-style: inherit; font-weight: inherit; color: var(--ast-global-color-3);\">No estar avalando socios con morosidad.<\/span><\/li>\n<li>Declaraci\u00f3n de parentesco con alg\u00fan socio.<\/li>\n<li>Contar con su expediente de ingreso debidamente integrado y actualizado<\/li>\n<\/ul><\/div>\n\t\t\t\t<\/div>\n\t\t\t\t\t\t\t<div class=\"elementor-toggle-item\">\n\t\t\t\t\t<div id=\"elementor-tab-title-1894\" class=\"elementor-tab-title\" data-tab=\"4\" role=\"button\" aria-controls=\"elementor-tab-content-1894\" aria-expanded=\"false\">\n\t\t\t\t\t\t\t\t\t\t\t\t<span class=\"elementor-toggle-icon elementor-toggle-icon-left\" aria-hidden=\"true\">\n\t\t\t\t\t\t\t\t\t\t\t\t\t\t\t<span class=\"elementor-toggle-icon-closed\"><i class=\"fas fa-caret-right\"><\/i><\/span>\n\t\t\t\t\t\t\t\t<span class=\"elementor-toggle-icon-opened\"><i class=\"elementor-toggle-icon-opened fas fa-caret-up\"><\/i><\/span>\n\t\t\t\t\t\t\t\t\t\t\t\t\t<\/span>\n\t\t\t\t\t\t\t\t\t\t\t\t<a class=\"elementor-toggle-title\" tabindex=\"0\">Protecci\u00f3n y Restricciones<\/a>\n\t\t\t\t\t<\/div>\n\n\t\t\t\t\t<div id=\"elementor-tab-content-1894\" class=\"elementor-tab-content elementor-clearfix\" data-tab=\"4\" role=\"region\" aria-labelledby=\"elementor-tab-title-1894\"><p><strong>PROTECCI\u00d3N<\/strong><\/p><p>La Cooperativa ofrece un servicio de protecci\u00f3n, para en caso de fallecimiento del acreditado, de acuerdo con la p\u00f3liza de seguro vigente contratada.<\/p><\/div>\n\t\t\t\t<\/div>\n\t\t\t\t\t\t\t\t<\/div>\n\t\t\t\t\t\t<\/div>\n\t\t\t\t<\/div>\n\t\t\t\t\t<\/div>\n\t\t<\/div>\n\t\t\t\t\t<\/div>\n\t\t<\/section>\n\t\t\t\t<\/div>\n\t\t","protected":false},"excerpt":{"rendered":"<p>Montos y Plazos MONTOS Hasta 10,000 UDIS (en base al valor emitido por el Banco de M\u00e9xico al momento de levantar la solicitud). PLAZOS En base la capacidad del socio de acuerdo a la siguiente tabla: Tasa de Inter\u00e9s Tasa del inter\u00e9s ordinaria de 10.85% anual. Tasa del inter\u00e9s moratoria de 36.00% anual. Requisitos Documentales [&hellip;]<\/p>\n","protected":false},"author":1,"featured_media":0,"parent":0,"menu_order":0,"comment_status":"closed","ping_status":"closed","template":"elementor_header_footer","meta":{"site-sidebar-layout":"default","site-content-layout":"","ast-site-content-layout":"default","site-content-style":"default","site-sidebar-style":"default","ast-global-header-display":"","ast-banner-title-visibility":"","ast-main-header-display":"","ast-hfb-above-header-display":"","ast-hfb-below-header-display":"","ast-hfb-mobile-header-display":"","site-post-title":"","ast-breadcrumbs-content":"","ast-featured-img":"","footer-sml-layout":"","ast-disable-related-posts":"","theme-transparent-header-meta":"","adv-header-id-meta":"","stick-header-meta":"","header-above-stick-meta":"","header-main-stick-meta":"","header-below-stick-meta":"","astra-migrate-meta-layouts":"default","ast-page-background-enabled":"default","ast-page-background-meta":{"desktop":{"background-color":"","background-image":"","background-repeat":"repeat","background-position":"center center","background-size":"auto","background-attachment":"scroll","background-type":"","background-media":"","overlay-type":"","overlay-color":"","overlay-opacity":"","overlay-gradient":""},"tablet":{"background-color":"","background-image":"","background-repeat":"repeat","background-position":"center center","background-size":"auto","background-attachment":"scroll","background-type":"","background-media":"","overlay-type":"","overlay-color":"","overlay-opacity":"","overlay-gradient":""},"mobile":{"background-color":"","background-image":"","background-repeat":"repeat","background-position":"center center","background-size":"auto","background-attachment":"scroll","background-type":"","background-media":"","overlay-type":"","overlay-color":"","overlay-opacity":"","overlay-gradient":""}},"ast-content-background-meta":{"desktop":{"background-color":"var(--ast-global-color-5)","background-image":"","background-repeat":"repeat","background-position":"center center","background-size":"auto","background-attachment":"scroll","background-type":"","background-media":"","overlay-type":"","overlay-color":"","overlay-opacity":"","overlay-gradient":""},"tablet":{"background-color":"var(--ast-global-color-5)","background-image":"","background-repeat":"repeat","background-position":"center center","background-size":"auto","background-attachment":"scroll","background-type":"","background-media":"","overlay-type":"","overlay-color":"","overlay-opacity":"","overlay-gradient":""},"mobile":{"background-color":"var(--ast-global-color-5)","background-image":"","background-repeat":"repeat","background-position":"center center","background-size":"auto","background-attachment":"scroll","background-type":"","background-media":"","overlay-type":"","overlay-color":"","overlay-opacity":"","overlay-gradient":""}},"footnotes":""},"class_list":["post-1429","page","type-page","status-publish","hentry"],"_links":{"self":[{"href":"https:\/\/www.cpsantuarioguadalupano.com.mx\/CajaPopularAlianza\/wp-json\/wp\/v2\/pages\/1429","targetHints":{"allow":["GET"]}}],"collection":[{"href":"https:\/\/www.cpsantuarioguadalupano.com.mx\/CajaPopularAlianza\/wp-json\/wp\/v2\/pages"}],"about":[{"href":"https:\/\/www.cpsantuarioguadalupano.com.mx\/CajaPopularAlianza\/wp-json\/wp\/v2\/types\/page"}],"author":[{"embeddable":true,"href":"https:\/\/www.cpsantuarioguadalupano.com.mx\/CajaPopularAlianza\/wp-json\/wp\/v2\/users\/1"}],"replies":[{"embeddable":true,"href":"https:\/\/www.cpsantuarioguadalupano.com.mx\/CajaPopularAlianza\/wp-json\/wp\/v2\/comments?post=1429"}],"version-history":[{"count":11,"href":"https:\/\/www.cpsantuarioguadalupano.com.mx\/CajaPopularAlianza\/wp-json\/wp\/v2\/pages\/1429\/revisions"}],"predecessor-version":[{"id":1574,"href":"https:\/\/www.cpsantuarioguadalupano.com.mx\/CajaPopularAlianza\/wp-json\/wp\/v2\/pages\/1429\/revisions\/1574"}],"wp:attachment":[{"href":"https:\/\/www.cpsantuarioguadalupano.com.mx\/CajaPopularAlianza\/wp-json\/wp\/v2\/media?parent=1429"}],"curies":[{"name":"wp","href":"https:\/\/api.w.org\/{rel}","templated":true}]}}