{"id":1339,"date":"2022-04-20T18:40:32","date_gmt":"2022-04-20T18:40:32","guid":{"rendered":"https:\/\/www.cpsantuarioguadalupano.com.mx\/CajaPopularAlianza\/?page_id=1339"},"modified":"2022-04-25T17:58:43","modified_gmt":"2022-04-25T17:58:43","slug":"ordinario","status":"publish","type":"page","link":"https:\/\/www.cpsantuarioguadalupano.com.mx\/CajaPopularAlianza\/ordinario\/","title":{"rendered":"CR\u00c9DITO ORDINARIO"},"content":{"rendered":"\t\t<div data-elementor-type=\"wp-page\" data-elementor-id=\"1339\" class=\"elementor elementor-1339\">\n\t\t\t\t\t\t<section class=\"elementor-section elementor-top-section elementor-element elementor-element-2eec6e elementor-section-boxed elementor-section-height-default elementor-section-height-default\" data-id=\"2eec6e\" data-element_type=\"section\">\n\t\t\t\t\t\t<div class=\"elementor-container elementor-column-gap-default\">\n\t\t\t\t\t<div class=\"elementor-column elementor-col-100 elementor-top-column elementor-element elementor-element-78e075a0\" data-id=\"78e075a0\" data-element_type=\"column\">\n\t\t\t<div class=\"elementor-widget-wrap elementor-element-populated\">\n\t\t\t\t\t\t<div class=\"elementor-element elementor-element-50cb5ac5 elementor-widget elementor-widget-text-editor\" data-id=\"50cb5ac5\" data-element_type=\"widget\" data-widget_type=\"text-editor.default\">\n\t\t\t\t<div class=\"elementor-widget-container\">\n\t\t\t\t\t\t\t\t\t<p><strong>CR\u00c9DITO ORDINARIO<\/strong><\/p>\t\t\t\t\t\t\t\t<\/div>\n\t\t\t\t<\/div>\n\t\t\t\t<div class=\"elementor-element elementor-element-56dea5d elementor-widget elementor-widget-image\" data-id=\"56dea5d\" data-element_type=\"widget\" data-widget_type=\"image.default\">\n\t\t\t\t<div class=\"elementor-widget-container\">\n\t\t\t\t\t\t\t\t\t\t\t\t\t\t\t<img fetchpriority=\"high\" decoding=\"async\" width=\"695\" height=\"695\" src=\"https:\/\/www.cpsantuarioguadalupano.com.mx\/CajaPopularAlianza\/wp-content\/uploads\/2022\/04\/candidato.jpg\" class=\"attachment-medium_large size-medium_large wp-image-1348\" alt=\"\" srcset=\"https:\/\/www.cpsantuarioguadalupano.com.mx\/CajaPopularAlianza\/wp-content\/uploads\/2022\/04\/candidato.jpg 695w, https:\/\/www.cpsantuarioguadalupano.com.mx\/CajaPopularAlianza\/wp-content\/uploads\/2022\/04\/candidato-300x300.jpg 300w, https:\/\/www.cpsantuarioguadalupano.com.mx\/CajaPopularAlianza\/wp-content\/uploads\/2022\/04\/candidato-150x150.jpg 150w\" sizes=\"(max-width: 695px) 100vw, 695px\" \/>\t\t\t\t\t\t\t\t\t\t\t\t\t\t\t<\/div>\n\t\t\t\t<\/div>\n\t\t\t\t<div class=\"elementor-element elementor-element-22a36b7 elementor-widget elementor-widget-toggle\" data-id=\"22a36b7\" data-element_type=\"widget\" data-widget_type=\"toggle.default\">\n\t\t\t\t<div class=\"elementor-widget-container\">\n\t\t\t\t\t\t\t<div class=\"elementor-toggle\">\n\t\t\t\t\t\t\t<div class=\"elementor-toggle-item\">\n\t\t\t\t\t<div id=\"elementor-tab-title-3631\" class=\"elementor-tab-title\" data-tab=\"1\" role=\"button\" aria-controls=\"elementor-tab-content-3631\" aria-expanded=\"false\">\n\t\t\t\t\t\t\t\t\t\t\t\t<span class=\"elementor-toggle-icon elementor-toggle-icon-left\" aria-hidden=\"true\">\n\t\t\t\t\t\t\t\t\t\t\t\t\t\t\t<span class=\"elementor-toggle-icon-closed\"><i class=\"fas fa-caret-right\"><\/i><\/span>\n\t\t\t\t\t\t\t\t<span class=\"elementor-toggle-icon-opened\"><i class=\"elementor-toggle-icon-opened fas fa-caret-up\"><\/i><\/span>\n\t\t\t\t\t\t\t\t\t\t\t\t\t<\/span>\n\t\t\t\t\t\t\t\t\t\t\t\t<a class=\"elementor-toggle-title\" tabindex=\"0\">Montos y Plazos<\/a>\n\t\t\t\t\t<\/div>\n\n\t\t\t\t\t<div id=\"elementor-tab-content-3631\" class=\"elementor-tab-content elementor-clearfix\" data-tab=\"1\" role=\"region\" aria-labelledby=\"elementor-tab-title-3631\"><p><strong>MONTOS<\/strong><\/p>\n<p><b>Monto M\u00ednimo:<\/b> $500.00<\/p>\n<p><strong>Monto M\u00e1ximo: <\/strong>3% del capital neto de la sociedad.<\/p>\n<p><strong>PLAZOS<\/strong><\/p>\n<p>De un mes hasta 96 meses m\u00e1ximo; en base al an\u00e1lisis crediticio y capacidad de pago.<\/p><\/div>\n\t\t\t\t<\/div>\n\t\t\t\t\t\t\t<div class=\"elementor-toggle-item\">\n\t\t\t\t\t<div id=\"elementor-tab-title-3632\" class=\"elementor-tab-title\" data-tab=\"2\" role=\"button\" aria-controls=\"elementor-tab-content-3632\" aria-expanded=\"false\">\n\t\t\t\t\t\t\t\t\t\t\t\t<span class=\"elementor-toggle-icon elementor-toggle-icon-left\" aria-hidden=\"true\">\n\t\t\t\t\t\t\t\t\t\t\t\t\t\t\t<span class=\"elementor-toggle-icon-closed\"><i class=\"fas fa-caret-right\"><\/i><\/span>\n\t\t\t\t\t\t\t\t<span class=\"elementor-toggle-icon-opened\"><i class=\"elementor-toggle-icon-opened fas fa-caret-up\"><\/i><\/span>\n\t\t\t\t\t\t\t\t\t\t\t\t\t<\/span>\n\t\t\t\t\t\t\t\t\t\t\t\t<a class=\"elementor-toggle-title\" tabindex=\"0\">Tasa de Inter\u00e9s<\/a>\n\t\t\t\t\t<\/div>\n\n\t\t\t\t\t<div id=\"elementor-tab-content-3632\" class=\"elementor-tab-content elementor-clearfix\" data-tab=\"2\" role=\"region\" aria-labelledby=\"elementor-tab-title-3632\"><p>Tasas Ordinarias Anuales<\/p>\n<p><img decoding=\"async\" class=\"alignnone size-medium wp-image-1364\" src=\"https:\/\/www.cpsantuarioguadalupano.com.mx\/CajaPopularAlianza\/wp-content\/uploads\/2022\/04\/Cpsg-300x145.jpg\" alt=\"\" width=\"300\" height=\"145\" srcset=\"https:\/\/www.cpsantuarioguadalupano.com.mx\/CajaPopularAlianza\/wp-content\/uploads\/2022\/04\/Cpsg-300x145.jpg 300w, https:\/\/www.cpsantuarioguadalupano.com.mx\/CajaPopularAlianza\/wp-content\/uploads\/2022\/04\/Cpsg.jpg 432w\" sizes=\"(max-width: 300px) 100vw, 300px\" \/><\/p>\n<p>Tasa promocional del 18% anual.<\/p><p>Tasa moratoria del 37.00% anual m\u00e1s I.V.A<\/p>\n<p><\/p><\/div>\n\t\t\t\t<\/div>\n\t\t\t\t\t\t\t<div class=\"elementor-toggle-item\">\n\t\t\t\t\t<div id=\"elementor-tab-title-3633\" class=\"elementor-tab-title\" data-tab=\"3\" role=\"button\" aria-controls=\"elementor-tab-content-3633\" aria-expanded=\"false\">\n\t\t\t\t\t\t\t\t\t\t\t\t<span class=\"elementor-toggle-icon elementor-toggle-icon-left\" aria-hidden=\"true\">\n\t\t\t\t\t\t\t\t\t\t\t\t\t\t\t<span class=\"elementor-toggle-icon-closed\"><i class=\"fas fa-caret-right\"><\/i><\/span>\n\t\t\t\t\t\t\t\t<span class=\"elementor-toggle-icon-opened\"><i class=\"elementor-toggle-icon-opened fas fa-caret-up\"><\/i><\/span>\n\t\t\t\t\t\t\t\t\t\t\t\t\t<\/span>\n\t\t\t\t\t\t\t\t\t\t\t\t<a class=\"elementor-toggle-title\" tabindex=\"0\">Requisitos Documentales<\/a>\n\t\t\t\t\t<\/div>\n\n\t\t\t\t\t<div id=\"elementor-tab-content-3633\" class=\"elementor-tab-content elementor-clearfix\" data-tab=\"3\" role=\"region\" aria-labelledby=\"elementor-tab-title-3633\"><p><strong>GENERALES<\/strong><\/p>\n<ul>\n<li>Identificaci\u00f3n oficial vigente.<\/li>\n<li>Comprobante de domicilio vigente(no mayor a 3 meses)<\/li>\n<li>Comprobante de ingresos o actividad. (M\u00ednimo un mes de sueldo).<\/li>\n<li>Constancia de CURP y RFC.<\/li>\n<li><span style=\"font-style: inherit; font-weight: inherit; color: var(--ast-global-color-3);\">No estar avalando socios con morosidad.<\/span><br><\/li>\n<li>Reporte de bur\u00f3 de cr\u00e9dito de acuerdo a las disposiciones vigentes.<\/li>\n<li>Declaraci\u00f3n de parentesco con alg\u00fan socio.<\/li>\n<li>Acta de matrimonio (En su caso).<\/li>\n<li>Solicitud elaborada y debidamente firmada.<\/li>\n<li>Garant\u00edas en base a lo establecido en la presente ficha t\u00e9cnica.<\/li>\n<\/ul>\n<p><strong>TRATANDOSE DE GARANTIAS PRENDARIAS<\/strong><\/p>\n<ul>\n<li>Factura original endosada de la garant\u00eda prendaria propuesta (La cual deber\u00e1 cubrir 1.5 tantos el monto a solicitar).<\/li>\n<li>Aval\u00fao Comercial practicado por Perito Valuador Certificado, trat\u00e1ndose de cr\u00e9ditos con Garant\u00eda Prendaria que no cuenten con una cotizaci\u00f3n oficial respecto de su valor de mercado, con vigencia de 1 a\u00f1o a partir de la fecha de su expedici\u00f3n.<\/li>\n<li>Contrato de mutuo de garant\u00eda prendaria ante Notario P\u00fablico.<\/li>\n<\/ul>\n<p><strong>TRATANDOSE DE GARANTIAS HIPOTECARIAS.<\/strong><\/p>\n<ul>\n<li>Recibo predial del a\u00f1o en curso.<\/li>\n<li>Copia de escrituras.<\/li>\n<li>Certificado de libertad de graven a 20 a\u00f1os, con fecha de expedici\u00f3n no mayor a un mes.<\/li>\n<li>Aval\u00fao comercial practicado por Perito Valuador Certificado, con vigencia de 1 a\u00f1o a partir de la fecha de su expedici\u00f3n.<\/li>\n<li>Contrato de mutuo de garant\u00eda hipotecaria.<\/li>\n<\/ul><\/div>\n\t\t\t\t<\/div>\n\t\t\t\t\t\t\t<div class=\"elementor-toggle-item\">\n\t\t\t\t\t<div id=\"elementor-tab-title-3634\" class=\"elementor-tab-title\" data-tab=\"4\" role=\"button\" aria-controls=\"elementor-tab-content-3634\" aria-expanded=\"false\">\n\t\t\t\t\t\t\t\t\t\t\t\t<span class=\"elementor-toggle-icon elementor-toggle-icon-left\" aria-hidden=\"true\">\n\t\t\t\t\t\t\t\t\t\t\t\t\t\t\t<span class=\"elementor-toggle-icon-closed\"><i class=\"fas fa-caret-right\"><\/i><\/span>\n\t\t\t\t\t\t\t\t<span class=\"elementor-toggle-icon-opened\"><i class=\"elementor-toggle-icon-opened fas fa-caret-up\"><\/i><\/span>\n\t\t\t\t\t\t\t\t\t\t\t\t\t<\/span>\n\t\t\t\t\t\t\t\t\t\t\t\t<a class=\"elementor-toggle-title\" tabindex=\"0\">Protecci\u00f3n y Restricciones<\/a>\n\t\t\t\t\t<\/div>\n\n\t\t\t\t\t<div id=\"elementor-tab-content-3634\" class=\"elementor-tab-content elementor-clearfix\" data-tab=\"4\" role=\"region\" aria-labelledby=\"elementor-tab-title-3634\"><p><b>SERVICIO DE PROTECCI\u00d3N<\/b><\/p>\n<p>La Cooperativa ofrece un servicio de protecci\u00f3n, para en caso de fallecimiento del acreditado, de acuerdo a la p\u00f3liza de seguro vigente contratada.<\/p>\n<p><b>RESTRICCIONES<\/b><\/p>\n<p><span style=\"font-style: inherit; font-weight: inherit; color: var(--ast-global-color-3);\">El servicio de protecci\u00f3n aplicar\u00e1 siempre y cuando se encuentre al corriente el cr\u00e9dito.<\/span><\/p>\n<p><\/p><\/div>\n\t\t\t\t<\/div>\n\t\t\t\t\t\t\t\t<\/div>\n\t\t\t\t\t\t<\/div>\n\t\t\t\t<\/div>\n\t\t\t\t\t<\/div>\n\t\t<\/div>\n\t\t\t\t\t<\/div>\n\t\t<\/section>\n\t\t\t\t<\/div>\n\t\t","protected":false},"excerpt":{"rendered":"<p>CR\u00c9DITO ORDINARIO Montos y Plazos MONTOS Monto M\u00ednimo: $500.00 Monto M\u00e1ximo: 3% del capital neto de la sociedad. PLAZOS De un mes hasta 96 meses m\u00e1ximo; en base al an\u00e1lisis crediticio y capacidad de pago. Tasa de Inter\u00e9s Tasas Ordinarias Anuales Tasa promocional del 18% anual. Tasa moratoria del 37.00% anual m\u00e1s I.V.A Requisitos Documentales [&hellip;]<\/p>\n","protected":false},"author":1,"featured_media":0,"parent":0,"menu_order":0,"comment_status":"closed","ping_status":"closed","template":"elementor_header_footer","meta":{"site-sidebar-layout":"no-sidebar","site-content-layout":"page-builder","ast-site-content-layout":"default","site-content-style":"default","site-sidebar-style":"default","ast-global-header-display":"","ast-banner-title-visibility":"","ast-main-header-display":"","ast-hfb-above-header-display":"","ast-hfb-below-header-display":"","ast-hfb-mobile-header-display":"","site-post-title":"disabled","ast-breadcrumbs-content":"","ast-featured-img":"disabled","footer-sml-layout":"","ast-disable-related-posts":"","theme-transparent-header-meta":"","adv-header-id-meta":"","stick-header-meta":"","header-above-stick-meta":"","header-main-stick-meta":"","header-below-stick-meta":"","astra-migrate-meta-layouts":"default","ast-page-background-enabled":"default","ast-page-background-meta":{"desktop":{"background-color":"","background-image":"","background-repeat":"repeat","background-position":"center center","background-size":"auto","background-attachment":"scroll","background-type":"","background-media":"","overlay-type":"","overlay-color":"","overlay-opacity":"","overlay-gradient":""},"tablet":{"background-color":"","background-image":"","background-repeat":"repeat","background-position":"center center","background-size":"auto","background-attachment":"scroll","background-type":"","background-media":"","overlay-type":"","overlay-color":"","overlay-opacity":"","overlay-gradient":""},"mobile":{"background-color":"","background-image":"","background-repeat":"repeat","background-position":"center center","background-size":"auto","background-attachment":"scroll","background-type":"","background-media":"","overlay-type":"","overlay-color":"","overlay-opacity":"","overlay-gradient":""}},"ast-content-background-meta":{"desktop":{"background-color":"var(--ast-global-color-5)","background-image":"","background-repeat":"repeat","background-position":"center center","background-size":"auto","background-attachment":"scroll","background-type":"","background-media":"","overlay-type":"","overlay-color":"","overlay-opacity":"","overlay-gradient":""},"tablet":{"background-color":"var(--ast-global-color-5)","background-image":"","background-repeat":"repeat","background-position":"center center","background-size":"auto","background-attachment":"scroll","background-type":"","background-media":"","overlay-type":"","overlay-color":"","overlay-opacity":"","overlay-gradient":""},"mobile":{"background-color":"var(--ast-global-color-5)","background-image":"","background-repeat":"repeat","background-position":"center center","background-size":"auto","background-attachment":"scroll","background-type":"","background-media":"","overlay-type":"","overlay-color":"","overlay-opacity":"","overlay-gradient":""}},"footnotes":""},"class_list":["post-1339","page","type-page","status-publish","hentry"],"_links":{"self":[{"href":"https:\/\/www.cpsantuarioguadalupano.com.mx\/CajaPopularAlianza\/wp-json\/wp\/v2\/pages\/1339","targetHints":{"allow":["GET"]}}],"collection":[{"href":"https:\/\/www.cpsantuarioguadalupano.com.mx\/CajaPopularAlianza\/wp-json\/wp\/v2\/pages"}],"about":[{"href":"https:\/\/www.cpsantuarioguadalupano.com.mx\/CajaPopularAlianza\/wp-json\/wp\/v2\/types\/page"}],"author":[{"embeddable":true,"href":"https:\/\/www.cpsantuarioguadalupano.com.mx\/CajaPopularAlianza\/wp-json\/wp\/v2\/users\/1"}],"replies":[{"embeddable":true,"href":"https:\/\/www.cpsantuarioguadalupano.com.mx\/CajaPopularAlianza\/wp-json\/wp\/v2\/comments?post=1339"}],"version-history":[{"count":31,"href":"https:\/\/www.cpsantuarioguadalupano.com.mx\/CajaPopularAlianza\/wp-json\/wp\/v2\/pages\/1339\/revisions"}],"predecessor-version":[{"id":1571,"href":"https:\/\/www.cpsantuarioguadalupano.com.mx\/CajaPopularAlianza\/wp-json\/wp\/v2\/pages\/1339\/revisions\/1571"}],"wp:attachment":[{"href":"https:\/\/www.cpsantuarioguadalupano.com.mx\/CajaPopularAlianza\/wp-json\/wp\/v2\/media?parent=1339"}],"curies":[{"name":"wp","href":"https:\/\/api.w.org\/{rel}","templated":true}]}}